 {"id":8842,"date":"2020-05-28T11:54:28","date_gmt":"2020-05-28T09:54:28","guid":{"rendered":"https:\/\/cgdauphine.fr\/wp-cgd\/?page_id=8842"},"modified":"2023-03-24T18:24:06","modified_gmt":"2023-03-24T17:24:06","slug":"formulaire-de-contact","status":"publish","type":"page","link":"https:\/\/cgdauphine.fr\/wp-cgd\/nous-contacter\/formulaire-de-contact\/","title":{"rendered":"Formulaire de contact"},"content":{"rendered":"\t\t<div data-elementor-type=\"wp-post\" data-elementor-id=\"8842\" class=\"elementor elementor-8842\">\n\t\t\t\t\t\t<div class=\"elementor-inner\">\n\t\t\t\t<div class=\"elementor-section-wrap\">\n\t\t\t\t\t\t\t\t\t<section class=\"elementor-section elementor-top-section elementor-element elementor-element-3cdf85c elementor-section-boxed elementor-section-height-default elementor-section-height-default\" data-id=\"3cdf85c\" data-element_type=\"section\">\n\t\t\t\t\t\t<div class=\"elementor-container elementor-column-gap-default\">\n\t\t\t\t\t\t\t<div class=\"elementor-row\">\n\t\t\t\t\t<div class=\"elementor-column elementor-col-100 elementor-top-column elementor-element elementor-element-50b7b7b\" data-id=\"50b7b7b\" data-element_type=\"column\">\n\t\t\t<div class=\"elementor-column-wrap elementor-element-populated\">\n\t\t\t\t\t\t\t<div class=\"elementor-widget-wrap\">\n\t\t\t\t\t\t<div class=\"elementor-element elementor-element-8b7abc1 elementor-widget elementor-widget-shortcode\" data-id=\"8b7abc1\" data-element_type=\"widget\" data-widget_type=\"shortcode.default\">\n\t\t\t\t<div class=\"elementor-widget-container\">\n\t\t\t<input type=\"hidden\" id=\"nonce_formulaire_contact\" name=\"nonce_formulaire_contact\" value=\"ccd086bbd2\" \/><input type=\"hidden\" name=\"_wp_http_referer\" value=\"\/wp-cgd\/wp-json\/wp\/v2\/pages\/8842\" \/>\n      <style>\n        form {\n          \/* Uniquement centrer le formulaire sur la page *\/\n          margin: 0 auto;\n          width: 500px;\n          \/* Encadr\u00e9 pour voir les limites du formulaire *\/\n          padding: 1em;\n          border: 2px solid #898989;\n          border-radius: 1em;\n        }\n        \n        form div + div {\n          margin-top: 1em;\n        }\n        \n        label {\n          \/* Pour \u00eatre s\u00fbrs que toutes les \u00e9tiquettes ont m\u00eame taille et sont correctement align\u00e9es *\/\n          display: inline-block;\n          width: 100px;\n          text-align: right;\n          \/* en gras *\/\n          font-weight:bold ;\n        }\n        \n        input, textarea {\n          \/* Pour assurer que tous les champs texte ont la m\u00eame police.\n            Par d\u00e9faut, les textarea ont une police monospace *\/\n          font: 1em sans-serif;\n        \n          \/* Pour que tous les champs texte aient la m\u00eame dimension *\/\n          width: 320px;\n          box-sizing: border-box;\n        \n          \/* Pour harmoniser le look & feel des bordures des champs texte *\/\n          border: 1px solid #999;\n        }\n        \n        input:focus, textarea:focus {\n          \/* Pour souligner l\u00e9g\u00e8rement les \u00e9l\u00e9ments actifs *\/\n          border-color: #000;\n        }\n        \n        textarea {\n          \/* Pour aligner les champs texte multi\u2011ligne avec leur \u00e9tiquette *\/\n          vertical-align: top;\n        \n          \/* Pour donner assez de place pour \u00e9crire du texte *\/\n          height: 10em;\n        }\n      <\/style>\n    <center> \n    \n    <table><tbody>\n      <tr>\n        <td style=\"width: 45%;\">&nbsp;<\/td>\n        <td style=\"width: 55%;\">&nbsp;<\/td>\n      <\/tr>\n      <tr>\n        <td>\n        <form name=\"contact-cgd\" method=\"post\" action=\"https:\/\/cgdauphine.fr\/wp-cgd\/nous-contacter\/formulaire-de-contact\/\">\n          <div><input type=\"hidden\" id=\"nonce_formulaire_contact\" name=\"nonce_formulaire_contact\" value=\"ccd086bbd2\" \/><input type=\"hidden\" name=\"_wp_http_referer\" value=\"\/wp-cgd\/wp-json\/wp\/v2\/pages\/8842\" \/>  <input name=\"cgd_appel\" type=\"hidden\" value=\"OUI\">\n  <table><tbody>\n    <tr>\n      <td style=\"width: 24%;\">&nbsp;<\/td>\n      <td style=\"width: 1%;\">&nbsp;<\/td>\n      <td style=\"width: 75%;\"><\/td>\n    <\/tr>\n    <tr>\n      <td><label for=\"first_name\">Pr\u00e9nom<\/label><\/td>\n      <td><\/td>\n      <td><input type=\"text\" id=\"first_name\" name=\"first_name\" \n        placeholder=\"Votre pr\u00e9nom\" ><\/td>\n    <\/tr>\n    <tr>\n      <td><label for=\"name\">Nom<\/label><\/td>\n      <td style=\"color: red; font-weight:bold\">&star;<\/td>\n      <td><input type=\"text\" id=\"name\" name=\"last_name\" required\n        placeholder=\"Votre patronyme (obligatoire)\" > <\/td>\n    <\/tr>\n    <tr>\n      <td><br><label for=\"mail\">Courriel<\/label><\/td>\n      <td style=\"color: red; font-weight:bold\"><br>&star;<\/td>\n      <td><br>\n      <input type=\"email\" id=\"mail\" name=\"user_email\" required\n        placeholder=\"Adresse de messagerie \u00e9lectronique (obligatoire)\"\n        ><\/td>\n    <\/tr>      <input name=\"request_URI\" type=\"hidden\" value=\"\/wp-cgd\/wp-json\/wp\/v2\/pages\/8842\">        \n      <tr>\n          <td><label for=\"type_contact\">Sujet<\/label><\/td>\n          <td style=\"color: red; font-weight:bold\">&star;<\/td>\n          <td><select name=\"type_contact\" required > <option>-choisir-<\/option><option>Adh\u00e9sion<\/option><option>Contact<\/option><option>Entraide<\/option><option>Webmestre<\/option> <\/select> voir explications \u00e0 droite \n          <img decoding=\"async\" src=\"https:\/\/cgdauphine.fr\/wp-cgd\/wp-content\/plugins\/cgd-member-management\/\/images\/icone-fleche-verte-droite24.png\"><\/td><\/tr>  <tr>\n    <td><br><label for=\"msg\">Votre message<\/label><\/td>\n    <td style=\"color: red; font-weight:bold\"><br>&star;<\/td>\n    <td><br>\n      <textarea id=\"msg\" name=\"correspondance\" required\n        placeholder=\"Texte de votre message (obligatoire)\"\n        rows=\"5\" maxlength=\"800\"><\/textarea>\n    <\/td>\n  <\/tr>\n  <tr>\n    <td><\/td><td><\/td>\n    <td>\n      <input type=\"submit\" class=\"favorite styled\" name=\"envoyer\" value=\"Envoyer\"\n        style=\"height:30px; width:150px\">\n    <\/td>\n  <\/tr>\n<\/tbody><\/table><\/td>\n        <td>\n        <table><tbody>\n            <tr><th style=\"vertical-align: top\">Adh\u00e9sion<\/th><td>\n                Vous avez des questions relatives \u00e0 votre adh\u00e9sion, \u00e0 son paiement\u2026\n            <\/td><\/tr>        <tr style=\"color: red;\"><th style=\"vertical-align: top\">Contact<\/th><td>\n            Sujets administratifs pour lesquels vous ne trouvez pas de r\u00e9ponse sur le site, renseignements et probl\u00e8mes divers\u2026\n        <\/td><\/tr>\n        <tr><th style=\"vertical-align: top\">Entraide<\/th><td>\n            Vous avez besoin d\u2019aide dans vos recherches d\u2019anc\u00eatres\u2026\n        <\/td><\/tr>\n        <tr><th style=\"vertical-align: top\">Webmestre<\/th><td>\n            Quelque chose ne fonctionne pas comme vous le pensiez sur le site Web du CGD, vous souhaitez proposer une am\u00e9lioration\u2026\n        <\/td><\/tr>\n    <\/tbody><\/table>    <br>\n    <h4>En adh\u00e9rant vous b\u00e9n\u00e9ficierez de bien plus!<\/h4>\n    <br>L\u2019<strong>entraide entre les membres du CGD<\/strong> est un r\u00e9el plus. Gr\u00e2ce \u00e0 des <strong>groupes locaux<\/strong> se r\u00e9unissant r\u00e9guli\u00e8rement dans le d\u00e9partement de l\u2019Is\u00e8re\n    ou dans une antenne parisienne, vous pouvez \u00e9changer avec des personnes qui ont les m\u00eames objectifs que vous.\n    <br>Le CGD offre en outre un acc\u00e8s \u00e0 des <strong>outils<\/strong> facilitant les recherches personnelles, tels que <strong>Gen\u00e9bank<\/strong> ou le puissant outil de recherche multicrit\u00e8re <strong>GenEric<\/strong>.\n    <br>Sur demande, des <strong>formations<\/strong> peuvent \u00eatre dispens\u00e9es p\u00e9riodiquement, sur des th\u00e8mes diff\u00e9rents, tels que la <strong>pal\u00e9ographie<\/strong>, l\u2019<strong>initiation \u00e0 la g\u00e9n\u00e9alogie<\/strong> ou\n    l\u2019<strong>utilisation d\u2019outils informatiques<\/strong>, etc.\n    <br>Et bien d\u2019autres choses\u2026<\/td><\/tr>\n          <\/tbody><\/table>\n          <\/center>\n      <\/form>\t\t<div class=\"elementor-shortcode\"><\/div>\n\t\t\t\t<\/div>\n\t\t\t\t<\/div>\n\t\t\t\t\t\t<\/div>\n\t\t\t\t\t<\/div>\n\t\t<\/div>\n\t\t\t\t\t\t\t\t<\/div>\n\t\t\t\t\t<\/div>\n\t\t<\/section>\n\t\t\t\t\t\t\t\t\t<\/div>\n\t\t\t<\/div>\n\t\t\t\t\t<\/div>\n\t\t","protected":false},"excerpt":{"rendered":"","protected":false},"author":1,"featured_media":0,"parent":349,"menu_order":0,"comment_status":"closed","ping_status":"closed","template":"tpl-full-width.php","meta":[],"_links":{"self":[{"href":"https:\/\/cgdauphine.fr\/wp-cgd\/wp-json\/wp\/v2\/pages\/8842"}],"collection":[{"href":"https:\/\/cgdauphine.fr\/wp-cgd\/wp-json\/wp\/v2\/pages"}],"about":[{"href":"https:\/\/cgdauphine.fr\/wp-cgd\/wp-json\/wp\/v2\/types\/page"}],"author":[{"embeddable":true,"href":"https:\/\/cgdauphine.fr\/wp-cgd\/wp-json\/wp\/v2\/users\/1"}],"replies":[{"embeddable":true,"href":"https:\/\/cgdauphine.fr\/wp-cgd\/wp-json\/wp\/v2\/comments?post=8842"}],"version-history":[{"count":0,"href":"https:\/\/cgdauphine.fr\/wp-cgd\/wp-json\/wp\/v2\/pages\/8842\/revisions"}],"up":[{"embeddable":true,"href":"https:\/\/cgdauphine.fr\/wp-cgd\/wp-json\/wp\/v2\/pages\/349"}],"wp:attachment":[{"href":"https:\/\/cgdauphine.fr\/wp-cgd\/wp-json\/wp\/v2\/media?parent=8842"}],"curies":[{"name":"wp","href":"https:\/\/api.w.org\/{rel}","templated":true}]}}