 {"id":7909,"date":"2020-04-04T13:08:06","date_gmt":"2020-04-04T11:08:06","guid":{"rendered":"https:\/\/cgdauphine.fr\/wp-cgd\/?page_id=7909"},"modified":"2025-03-15T10:31:55","modified_gmt":"2025-03-15T09:31:55","slug":"reunion-du-groupe-mathesine-trieves-du-20-mai-2006","status":"publish","type":"page","link":"https:\/\/cgdauphine.fr\/wp-cgd\/pages-archivees\/groupe-matheysine\/reunion-du-groupe-mathesine-trieves-du-20-mai-2006\/","title":{"rendered":"R\u00e9union du groupe Math\u00e9sine-Tri\u00e8ves du 20 mai 2006"},"content":{"rendered":"<div class=\"members-access-error\"><img src=\"https:\/\/cgdauphine.fr\/wp-cgd\/wp-content\/plugins\/cgd-member-management\/\/images\/interdit-membre-50x50.png\"><big><strong>D\u00e9sol\u00e9, l'acc\u00e8s \u00e0 cette page est r\u00e9serv\u00e9 aux personnes autoris\u00e9es.<\/strong><\/big><br>Veuillez vous connecter (<a href=\"https:\/\/cgdauphine.fr\/wp-cgd\/connexion-profil\">Connexion<\/a>)<\/div>\n","protected":false},"excerpt":{"rendered":"<div class=\"members-access-error\"><img src=\"https:\/\/cgdauphine.fr\/wp-cgd\/wp-content\/plugins\/cgd-member-management\/\/images\/interdit-membre-50x50.png\"><big><strong>D\u00e9sol\u00e9, l'acc\u00e8s \u00e0 cette page est r\u00e9serv\u00e9 aux personnes autoris\u00e9es.<\/strong><\/big><br>Veuillez vous connecter (<a href=\"https:\/\/cgdauphine.fr\/wp-cgd\/connexion-profil\">Connexion<\/a>)<\/div>\n","protected":false},"author":1,"featured_media":0,"parent":2686,"menu_order":0,"comment_status":"closed","ping_status":"closed","template":"tpl-full-width.php","meta":[],"_links":{"self":[{"href":"https:\/\/cgdauphine.fr\/wp-cgd\/wp-json\/wp\/v2\/pages\/7909"}],"collection":[{"href":"https:\/\/cgdauphine.fr\/wp-cgd\/wp-json\/wp\/v2\/pages"}],"about":[{"href":"https:\/\/cgdauphine.fr\/wp-cgd\/wp-json\/wp\/v2\/types\/page"}],"author":[{"embeddable":true,"href":"https:\/\/cgdauphine.fr\/wp-cgd\/wp-json\/wp\/v2\/users\/1"}],"replies":[{"embeddable":true,"href":"https:\/\/cgdauphine.fr\/wp-cgd\/wp-json\/wp\/v2\/comments?post=7909"}],"version-history":[{"count":1,"href":"https:\/\/cgdauphine.fr\/wp-cgd\/wp-json\/wp\/v2\/pages\/7909\/revisions"}],"predecessor-version":[{"id":20592,"href":"https:\/\/cgdauphine.fr\/wp-cgd\/wp-json\/wp\/v2\/pages\/7909\/revisions\/20592"}],"up":[{"embeddable":true,"href":"https:\/\/cgdauphine.fr\/wp-cgd\/wp-json\/wp\/v2\/pages\/2686"}],"wp:attachment":[{"href":"https:\/\/cgdauphine.fr\/wp-cgd\/wp-json\/wp\/v2\/media?parent=7909"}],"curies":[{"name":"wp","href":"https:\/\/api.w.org\/{rel}","templated":true}]}}