 {"id":7866,"date":"2020-04-04T11:48:00","date_gmt":"2020-04-04T09:48:00","guid":{"rendered":"https:\/\/cgdauphine.fr\/wp-cgd\/?page_id=7866"},"modified":"2025-03-15T10:34:52","modified_gmt":"2025-03-15T09:34:52","slug":"reunion-du-groupe-mathesine-trieves-du-18-juin-2005","status":"publish","type":"page","link":"https:\/\/cgdauphine.fr\/wp-cgd\/pages-archivees\/groupe-matheysine\/reunion-du-groupe-mathesine-trieves-du-18-juin-2005\/","title":{"rendered":"R\u00e9union du groupe Matheysine-Tri\u00e8ves du 18 juin 2005"},"content":{"rendered":"<div class=\"members-access-error\"><img src=\"https:\/\/cgdauphine.fr\/wp-cgd\/wp-content\/plugins\/cgd-member-management\/\/images\/interdit-membre-50x50.png\"><big><strong>D\u00e9sol\u00e9, l'acc\u00e8s \u00e0 cette page est r\u00e9serv\u00e9 aux personnes autoris\u00e9es.<\/strong><\/big><br>Veuillez vous connecter (<a href=\"https:\/\/cgdauphine.fr\/wp-cgd\/connexion-profil\">Connexion<\/a>)<\/div>\n","protected":false},"excerpt":{"rendered":"<div class=\"members-access-error\"><img src=\"https:\/\/cgdauphine.fr\/wp-cgd\/wp-content\/plugins\/cgd-member-management\/\/images\/interdit-membre-50x50.png\"><big><strong>D\u00e9sol\u00e9, l'acc\u00e8s \u00e0 cette page est r\u00e9serv\u00e9 aux personnes autoris\u00e9es.<\/strong><\/big><br>Veuillez vous connecter (<a href=\"https:\/\/cgdauphine.fr\/wp-cgd\/connexion-profil\">Connexion<\/a>)<\/div>\n","protected":false},"author":1,"featured_media":0,"parent":2686,"menu_order":0,"comment_status":"closed","ping_status":"closed","template":"tpl-full-width.php","meta":[],"_links":{"self":[{"href":"https:\/\/cgdauphine.fr\/wp-cgd\/wp-json\/wp\/v2\/pages\/7866"}],"collection":[{"href":"https:\/\/cgdauphine.fr\/wp-cgd\/wp-json\/wp\/v2\/pages"}],"about":[{"href":"https:\/\/cgdauphine.fr\/wp-cgd\/wp-json\/wp\/v2\/types\/page"}],"author":[{"embeddable":true,"href":"https:\/\/cgdauphine.fr\/wp-cgd\/wp-json\/wp\/v2\/users\/1"}],"replies":[{"embeddable":true,"href":"https:\/\/cgdauphine.fr\/wp-cgd\/wp-json\/wp\/v2\/comments?post=7866"}],"version-history":[{"count":1,"href":"https:\/\/cgdauphine.fr\/wp-cgd\/wp-json\/wp\/v2\/pages\/7866\/revisions"}],"predecessor-version":[{"id":20593,"href":"https:\/\/cgdauphine.fr\/wp-cgd\/wp-json\/wp\/v2\/pages\/7866\/revisions\/20593"}],"up":[{"embeddable":true,"href":"https:\/\/cgdauphine.fr\/wp-cgd\/wp-json\/wp\/v2\/pages\/2686"}],"wp:attachment":[{"href":"https:\/\/cgdauphine.fr\/wp-cgd\/wp-json\/wp\/v2\/media?parent=7866"}],"curies":[{"name":"wp","href":"https:\/\/api.w.org\/{rel}","templated":true}]}}