 {"id":4125,"date":"2018-09-05T12:14:23","date_gmt":"2018-09-05T10:14:23","guid":{"rendered":"https:\/\/cgdauphine.fr\/wp-cgd\/?page_id=4125"},"modified":"2023-04-07T12:58:47","modified_gmt":"2023-04-07T10:58:47","slug":"anciennes-rues-de-grenoble","status":"publish","type":"page","link":"https:\/\/cgdauphine.fr\/wp-cgd\/histoire-du-dauphine\/anciennes-rues-de-grenoble\/","title":{"rendered":"Anciennes rues de Grenoble"},"content":{"rendered":"\t\t<div data-elementor-type=\"wp-post\" data-elementor-id=\"4125\" class=\"elementor elementor-4125\">\n\t\t\t\t\t\t<div class=\"elementor-inner\">\n\t\t\t\t<div class=\"elementor-section-wrap\">\n\t\t\t\t\t\t\t\t\t<section class=\"elementor-section elementor-top-section elementor-element elementor-element-e03bc5f elementor-section-boxed elementor-section-height-default elementor-section-height-default\" data-id=\"e03bc5f\" data-element_type=\"section\">\n\t\t\t\t\t\t<div class=\"elementor-container elementor-column-gap-default\">\n\t\t\t\t\t\t\t<div class=\"elementor-row\">\n\t\t\t\t\t<div class=\"elementor-column elementor-col-100 elementor-top-column elementor-element elementor-element-e690dd8\" data-id=\"e690dd8\" data-element_type=\"column\">\n\t\t\t<div class=\"elementor-column-wrap\">\n\t\t\t\t\t\t\t<div class=\"elementor-widget-wrap\">\n\t\t\t\t\t\t\t\t<\/div>\n\t\t\t\t\t<\/div>\n\t\t<\/div>\n\t\t\t\t\t\t\t\t<\/div>\n\t\t\t\t\t<\/div>\n\t\t<\/section>\n\t\t\t\t<section class=\"elementor-section elementor-top-section elementor-element elementor-element-939d5a9 elementor-section-boxed elementor-section-height-default elementor-section-height-default\" data-id=\"939d5a9\" data-element_type=\"section\">\n\t\t\t\t\t\t<div class=\"elementor-container elementor-column-gap-default\">\n\t\t\t\t\t\t\t<div class=\"elementor-row\">\n\t\t\t\t\t<div class=\"elementor-column elementor-col-50 elementor-top-column elementor-element elementor-element-fb04e31\" data-id=\"fb04e31\" data-element_type=\"column\">\n\t\t\t<div class=\"elementor-column-wrap elementor-element-populated\">\n\t\t\t\t\t\t\t<div class=\"elementor-widget-wrap\">\n\t\t\t\t\t\t<div class=\"elementor-element elementor-element-59cbb90 elementor-widget elementor-widget-text-editor\" data-id=\"59cbb90\" data-element_type=\"widget\" data-widget_type=\"text-editor.default\">\n\t\t\t\t<div class=\"elementor-widget-container\">\n\t\t\t\t\t\t\t\t<div class=\"elementor-text-editor elementor-clearfix\">\n\t\t\t\t<h4>Principaux ouvrages sur l&#8217;histoire des rues de Grenoble<\/h4>\t\t\t\t\t<\/div>\n\t\t\t\t\t\t<\/div>\n\t\t\t\t<\/div>\n\t\t\t\t<div class=\"elementor-element elementor-element-b6c3559 elementor-widget elementor-widget-text-editor\" data-id=\"b6c3559\" data-element_type=\"widget\" data-widget_type=\"text-editor.default\">\n\t\t\t\t<div class=\"elementor-widget-container\">\n\t\t\t\t\t\t\t\t<div class=\"elementor-text-editor elementor-clearfix\">\n\t\t\t\t<p>&#8220;Histoire illustr\u00e9e des rues de Grenoble&#8221; Henri <strong>Rousset<\/strong> 1873<br \/>Consultable \u00e0 la <strong><a href=\"https:\/\/cgdauphine.fr\/wp-cgd\/services\/ouvrages-publications-revues\/bibliotheque\/\">biblioth\u00e8que<\/a><\/strong> du CGD, au si\u00e8ge.<\/p>\t\t\t\t\t<\/div>\n\t\t\t\t\t\t<\/div>\n\t\t\t\t<\/div>\n\t\t\t\t<div class=\"elementor-element elementor-element-cd5132e elementor-widget elementor-widget-text-editor\" data-id=\"cd5132e\" data-element_type=\"widget\" data-widget_type=\"text-editor.default\">\n\t\t\t\t<div class=\"elementor-widget-container\">\n\t\t\t\t\t\t\t\t<div class=\"elementor-text-editor elementor-clearfix\">\n\t\t\t\t<p>&#8220;Population et octroi&#8221; sous la direction de Vital <strong>Chomel<\/strong> PUG 1972<\/p>\t\t\t\t\t<\/div>\n\t\t\t\t\t\t<\/div>\n\t\t\t\t<\/div>\n\t\t\t\t<div class=\"elementor-element elementor-element-0226a51 elementor-widget elementor-widget-text-editor\" data-id=\"0226a51\" data-element_type=\"widget\" data-widget_type=\"text-editor.default\">\n\t\t\t\t<div class=\"elementor-widget-container\">\n\t\t\t\t\t\t\t\t<div class=\"elementor-text-editor elementor-clearfix\">\n\t\t\t\t<p>&#8220;Grenoble, des rues et des hommes&#8221; Claude <strong>Muller<\/strong> 1975<\/p>\t\t\t\t\t<\/div>\n\t\t\t\t\t\t<\/div>\n\t\t\t\t<\/div>\n\t\t\t\t<div class=\"elementor-element elementor-element-5d0f53f elementor-widget elementor-widget-text-editor\" data-id=\"5d0f53f\" data-element_type=\"widget\" data-widget_type=\"text-editor.default\">\n\t\t\t\t<div class=\"elementor-widget-container\">\n\t\t\t\t\t\t\t\t<div class=\"elementor-text-editor elementor-clearfix\">\n\t\t\t\t<p>&#8220;Les rues de Grenoble&#8221; Paul <strong>Dreyfus<\/strong> 1992<\/p>\t\t\t\t\t<\/div>\n\t\t\t\t\t\t<\/div>\n\t\t\t\t<\/div>\n\t\t\t\t<div class=\"elementor-element elementor-element-709931a elementor-widget elementor-widget-text-editor\" data-id=\"709931a\" data-element_type=\"widget\" data-widget_type=\"text-editor.default\">\n\t\t\t\t<div class=\"elementor-widget-container\">\n\t\t\t\t\t\t\t\t<div class=\"elementor-text-editor elementor-clearfix\">\n\t\t\t\t<p>&#8220;<a href=\"https:\/\/cgdauphine.fr\/wp-cgd\/wp-content\/uploads\/2018\/08\/Mille_et_une_rues_1BIB_2757.pdf\"><strong>Les mille et une rues de Grenoble (PDF<\/strong>)<\/a>&#8221; par la Jeune Chambre \u00c9conomique<br \/>Publi\u00e9 dans les Affiches de Grenoble et du Dauphin\u00e9 entre le 11 octobre 1975 et le 29 mai 1976<\/p>\t\t\t\t\t<\/div>\n\t\t\t\t\t\t<\/div>\n\t\t\t\t<\/div>\n\t\t\t\t\t\t<\/div>\n\t\t\t\t\t<\/div>\n\t\t<\/div>\n\t\t\t\t<div class=\"elementor-column elementor-col-50 elementor-top-column elementor-element elementor-element-2053d65\" data-id=\"2053d65\" data-element_type=\"column\">\n\t\t\t<div class=\"elementor-column-wrap elementor-element-populated\">\n\t\t\t\t\t\t\t<div class=\"elementor-widget-wrap\">\n\t\t\t\t\t\t<div class=\"elementor-element elementor-element-6c13b35 elementor-widget elementor-widget-text-editor\" data-id=\"6c13b35\" data-element_type=\"widget\" data-widget_type=\"text-editor.default\">\n\t\t\t\t<div class=\"elementor-widget-container\">\n\t\t\t\t\t\t\t\t<div class=\"elementor-text-editor elementor-clearfix\">\n\t\t\t\t<h4>Anciens plans de Grenoble consultables \u00e0 la demande<\/h4>\t\t\t\t\t<\/div>\n\t\t\t\t\t\t<\/div>\n\t\t\t\t<\/div>\n\t\t\t\t<div class=\"elementor-element elementor-element-90ef451 elementor-widget elementor-widget-text-editor\" data-id=\"90ef451\" data-element_type=\"widget\" data-widget_type=\"text-editor.default\">\n\t\t\t\t<div class=\"elementor-widget-container\">\n\t\t\t\t\t\t\t\t<div class=\"elementor-text-editor elementor-clearfix\">\n\t\t\t\t<p>Aux Archives Municipales de Grenoble<\/p>\t\t\t\t\t<\/div>\n\t\t\t\t\t\t<\/div>\n\t\t\t\t<\/div>\n\t\t\t\t<div class=\"elementor-element elementor-element-d11fcb3 elementor-widget elementor-widget-text-editor\" data-id=\"d11fcb3\" data-element_type=\"widget\" data-widget_type=\"text-editor.default\">\n\t\t\t\t<div class=\"elementor-widget-container\">\n\t\t\t\t\t\t\t\t<div class=\"elementor-text-editor elementor-clearfix\">\n\t\t\t\t<p>A la Biblioth\u00e8que Municipale de Grenoble<\/p>\t\t\t\t\t<\/div>\n\t\t\t\t\t\t<\/div>\n\t\t\t\t<\/div>\n\t\t\t\t<div class=\"elementor-element elementor-element-6725034 elementor-widget elementor-widget-text-editor\" data-id=\"6725034\" data-element_type=\"widget\" data-widget_type=\"text-editor.default\">\n\t\t\t\t<div class=\"elementor-widget-container\">\n\t\t\t\t\t\t\t\t<div class=\"elementor-text-editor elementor-clearfix\">\n\t\t\t\t<p>On peut consulter les correspondances \u00e9tablies par Anne <strong>Bojon<\/strong> entre anciens noms et nouveaux noms:<\/p><ul><li><a href=\"https:\/\/cgdauphine.fr\/wp-cgd\/services\/autres-ressources-diverses\/histoire-du-dauphine\/anciennes-rues-de-grenoble\/evolution-noms-de-rue-de-grenoble\/\"><strong>Classement selon les noms actuels<\/strong><\/a><\/li><li><a href=\"https:\/\/cgdauphine.fr\/wp-cgd\/services\/autres-ressources-diverses\/histoire-du-dauphine\/anciennes-rues-de-grenoble\/classement-anciens-noms-des-rues-de-grenoble\/\"><strong>Classement selon les noms anciens<\/strong><\/a><\/li><\/ul><p><em><strong>PS<\/strong> : Les rues \u00e9taient autrefois beaucoup plus longues.Fragment\u00e9es, ce sont aujourd&#8217;hui des rues diff\u00e9rentes. D&#8217;o\u00f9 l&#8217;utilisation r\u00e9p\u00e9titive de l&#8217;expression &#8220;une partie devient &#8230;&#8221;.<\/em><\/p>\t\t\t\t\t<\/div>\n\t\t\t\t\t\t<\/div>\n\t\t\t\t<\/div>\n\t\t\t\t\t\t<\/div>\n\t\t\t\t\t<\/div>\n\t\t<\/div>\n\t\t\t\t\t\t\t\t<\/div>\n\t\t\t\t\t<\/div>\n\t\t<\/section>\n\t\t\t\t\t\t\t\t\t<\/div>\n\t\t\t<\/div>\n\t\t\t\t\t<\/div>\n\t\t","protected":false},"excerpt":{"rendered":"<p>Principaux ouvrages sur l&#8217;histoire des rues de Grenoble &#8220;Histoire illustr\u00e9e des rues de Grenoble&#8221; Henri Rousset 1873Consultable \u00e0 la biblioth\u00e8que du CGD, au si\u00e8ge. &#8220;Population et octroi&#8221; sous la direction de Vital Chomel PUG 1972 &#8220;Grenoble, des rues et des hommes&#8221; Claude Muller 1975 &#8220;Les rues de Grenoble&#8221; Paul Dreyfus 1992 &#8220;Les mille et une rues de Grenoble (PDF)&#8221; par [&hellip;]<\/p>\n","protected":false},"author":1,"featured_media":0,"parent":3560,"menu_order":0,"comment_status":"closed","ping_status":"closed","template":"tpl-full-width.php","meta":[],"_links":{"self":[{"href":"https:\/\/cgdauphine.fr\/wp-cgd\/wp-json\/wp\/v2\/pages\/4125"}],"collection":[{"href":"https:\/\/cgdauphine.fr\/wp-cgd\/wp-json\/wp\/v2\/pages"}],"about":[{"href":"https:\/\/cgdauphine.fr\/wp-cgd\/wp-json\/wp\/v2\/types\/page"}],"author":[{"embeddable":true,"href":"https:\/\/cgdauphine.fr\/wp-cgd\/wp-json\/wp\/v2\/users\/1"}],"replies":[{"embeddable":true,"href":"https:\/\/cgdauphine.fr\/wp-cgd\/wp-json\/wp\/v2\/comments?post=4125"}],"version-history":[{"count":0,"href":"https:\/\/cgdauphine.fr\/wp-cgd\/wp-json\/wp\/v2\/pages\/4125\/revisions"}],"up":[{"embeddable":true,"href":"https:\/\/cgdauphine.fr\/wp-cgd\/wp-json\/wp\/v2\/pages\/3560"}],"wp:attachment":[{"href":"https:\/\/cgdauphine.fr\/wp-cgd\/wp-json\/wp\/v2\/media?parent=4125"}],"curies":[{"name":"wp","href":"https:\/\/api.w.org\/{rel}","templated":true}]}}