 {"id":26945,"date":"2025-04-11T09:23:24","date_gmt":"2025-04-11T07:23:24","guid":{"rendered":"https:\/\/cgdauphine.fr\/wp-cgd\/?page_id=26945"},"modified":"2025-04-11T09:26:13","modified_gmt":"2025-04-11T07:26:13","slug":"conditions-de-consultation-de-la-bibliotheque-du-siege","status":"publish","type":"page","link":"https:\/\/cgdauphine.fr\/wp-cgd\/bibliotheques\/conditions-de-consultation-de-la-bibliotheque-du-siege\/","title":{"rendered":"Conditions de consultation de la biblioth\u00e8que du Si\u00e8ge"},"content":{"rendered":"\t\t<div data-elementor-type=\"wp-page\" data-elementor-id=\"26945\" class=\"elementor elementor-26945\">\n\t\t\t\t\t\t<div class=\"elementor-inner\">\n\t\t\t\t<div class=\"elementor-section-wrap\">\n\t\t\t\t\t\t\t\t\t<section class=\"elementor-section elementor-top-section elementor-element elementor-element-d9caae2 elementor-section-boxed elementor-section-height-default elementor-section-height-default\" data-id=\"d9caae2\" data-element_type=\"section\">\n\t\t\t\t\t\t<div class=\"elementor-container elementor-column-gap-default\">\n\t\t\t\t\t\t\t<div class=\"elementor-row\">\n\t\t\t\t\t<div class=\"elementor-column elementor-col-33 elementor-top-column elementor-element elementor-element-02059db\" data-id=\"02059db\" data-element_type=\"column\">\n\t\t\t<div class=\"elementor-column-wrap elementor-element-populated\">\n\t\t\t\t\t\t\t<div class=\"elementor-widget-wrap\">\n\t\t\t\t\t\t<div class=\"elementor-element elementor-element-1320811 elementor-widget elementor-widget-image\" data-id=\"1320811\" data-element_type=\"widget\" data-widget_type=\"image.default\">\n\t\t\t\t<div class=\"elementor-widget-container\">\n\t\t\t\t\t\t\t\t<div class=\"elementor-image\">\n\t\t\t\t\t\t\t\t\t\t\t\t<img decoding=\"async\" width=\"740\" height=\"892\" src=\"https:\/\/cgdauphine.fr\/wp-cgd\/wp-content\/uploads\/2018\/07\/Bibliotheque-armoire.jpg\" class=\"attachment-large size-large wp-image-1765\" alt=\"\" loading=\"lazy\" srcset=\"https:\/\/cgdauphine.fr\/wp-cgd\/wp-content\/uploads\/2018\/07\/Bibliotheque-armoire.jpg 830w, https:\/\/cgdauphine.fr\/wp-cgd\/wp-content\/uploads\/2018\/07\/Bibliotheque-armoire-249x300.jpg 249w, https:\/\/cgdauphine.fr\/wp-cgd\/wp-content\/uploads\/2018\/07\/Bibliotheque-armoire-768x925.jpg 768w\" sizes=\"(max-width: 740px) 100vw, 740px\" \/>\t\t\t\t\t\t\t\t\t\t\t\t\t\t<\/div>\n\t\t\t\t\t\t<\/div>\n\t\t\t\t<\/div>\n\t\t\t\t<div class=\"elementor-element elementor-element-e9f900a elementor-widget elementor-widget-text-editor\" data-id=\"e9f900a\" data-element_type=\"widget\" data-widget_type=\"text-editor.default\">\n\t\t\t\t<div class=\"elementor-widget-container\">\n\t\t\t\t\t\t\t\t<div class=\"elementor-text-editor elementor-clearfix\">\n\t\t\t\t<p><span style=\"color: #ff0000;\"><strong>+ 560 livres<\/strong><\/span> de g\u00e9n\u00e9alogie et d\u2019histoire<\/p><p><span style=\"color: #ff0000;\"><strong>+ 80 revues<\/strong><\/span> de g\u00e9n\u00e9alogie (index disponible)<\/p><p><span style=\"color: #ff0000;\"><strong>24 cartons de 380 g\u00e9n\u00e9alogies<\/strong><\/span> d\u00e9pos\u00e9es<\/p><p><strong><span style=\"color: #ff0000;\"> 80 monographies<\/span><\/strong> d\u2019histoire familiale et de communes.<\/p>\t\t\t\t\t<\/div>\n\t\t\t\t\t\t<\/div>\n\t\t\t\t<\/div>\n\t\t\t\t\t\t<\/div>\n\t\t\t\t\t<\/div>\n\t\t<\/div>\n\t\t\t\t<div class=\"elementor-column elementor-col-66 elementor-top-column elementor-element elementor-element-30122e3\" data-id=\"30122e3\" data-element_type=\"column\">\n\t\t\t<div class=\"elementor-column-wrap elementor-element-populated\">\n\t\t\t\t\t\t\t<div class=\"elementor-widget-wrap\">\n\t\t\t\t\t\t<div class=\"elementor-element elementor-element-5532dcb elementor-widget elementor-widget-text-editor\" data-id=\"5532dcb\" data-element_type=\"widget\" data-widget_type=\"text-editor.default\">\n\t\t\t\t<div class=\"elementor-widget-container\">\n\t\t\t\t\t\t\t\t<div class=\"elementor-text-editor elementor-clearfix\">\n\t\t\t\t<p>Le C.G.D. tient \u00e0 la disposition de ses adh\u00e9rents, au local de Grenoble, une collection de plus de 400 livres ou revues (voir la liste ci-dessous) :<\/p><ul><li>soit pour consultation sur place pendant les permanences,<\/li><li>soit pour pr\u00eat afin de consulter chez soi pour une dur\u00e9e maximale de <span style=\"color: #ff0000;\"><strong>3 semaines<\/strong>.<\/span><\/li><\/ul><p>Il n&#8217;y a aucun pr\u00eat par correspondance.<\/p><p>Cette collection est le bien commun et requiert de chacun la plus grande discipline afin de ne pas en priver les autres adh\u00e9rents:<\/p><ul><li>prendre grand soin des ouvrages,<\/li><li>les remettre \u00e0 leur bonne place apr\u00e8s consultation,<\/li><li>respecter scrupuleusement les d\u00e9lais de retour en cas d&#8217;emprunt (la dur\u00e9e du pr\u00eat est de trois semaines maximum).<\/li><\/ul><p>Dans tous les cas, que vous consultiez un ouvrage sur place ou que vous l&#8217;empruntiez, vous devez :<\/p><ul><li>sortir la fiche qui se trouve sur la deuxi\u00e8me de couverture du livre,<\/li><li>noter lisiblement votre nom et la date de sortie,<br \/>d\u00e9poser la fiche ainsi remplie dans la boite des fiches en attente plac\u00e9e dans l\u2019armoire.<\/li><\/ul><p>Au retour du livre, vous devez :<\/p><ul><li>reprendre la fiche correspondante dans la boite,<\/li><li>noter la date de retour,<br \/>replacer la fiche dans le livre,<\/li><li>remettre le livre \u00e0 son emplacement dans l\u2019armoire.<\/li><\/ul><p><strong>Remarque<\/strong> : Les ouvrages rep\u00e9r\u00e9s par <span style=\"background-color: yellow;\">un num\u00e9ro sur fond jaune<\/span> ont \u00e9t\u00e9 retir\u00e9s du libre service. Ils sont consultables sur demande au secr\u00e9tariat.<\/p>\t\t\t\t\t<\/div>\n\t\t\t\t\t\t<\/div>\n\t\t\t\t<\/div>\n\t\t\t\t\t\t<\/div>\n\t\t\t\t\t<\/div>\n\t\t<\/div>\n\t\t\t\t\t\t\t\t<\/div>\n\t\t\t\t\t<\/div>\n\t\t<\/section>\n\t\t\t\t\t\t\t\t\t<\/div>\n\t\t\t<\/div>\n\t\t\t\t\t<\/div>\n\t\t","protected":false},"excerpt":{"rendered":"<p>+ 560 livres de g\u00e9n\u00e9alogie et d\u2019histoire + 80 revues de g\u00e9n\u00e9alogie (index disponible) 24 cartons de 380 g\u00e9n\u00e9alogies d\u00e9pos\u00e9es 80 monographies d\u2019histoire familiale et de communes. Le C.G.D. tient \u00e0 la disposition de ses adh\u00e9rents, au local de Grenoble, une collection de plus de 400 livres ou revues (voir la liste ci-dessous) : soit pour consultation sur place pendant [&hellip;]<\/p>\n","protected":false},"author":1,"featured_media":0,"parent":26923,"menu_order":0,"comment_status":"closed","ping_status":"closed","template":"tpl-full-width.php","meta":[],"_links":{"self":[{"href":"https:\/\/cgdauphine.fr\/wp-cgd\/wp-json\/wp\/v2\/pages\/26945"}],"collection":[{"href":"https:\/\/cgdauphine.fr\/wp-cgd\/wp-json\/wp\/v2\/pages"}],"about":[{"href":"https:\/\/cgdauphine.fr\/wp-cgd\/wp-json\/wp\/v2\/types\/page"}],"author":[{"embeddable":true,"href":"https:\/\/cgdauphine.fr\/wp-cgd\/wp-json\/wp\/v2\/users\/1"}],"replies":[{"embeddable":true,"href":"https:\/\/cgdauphine.fr\/wp-cgd\/wp-json\/wp\/v2\/comments?post=26945"}],"version-history":[{"count":4,"href":"https:\/\/cgdauphine.fr\/wp-cgd\/wp-json\/wp\/v2\/pages\/26945\/revisions"}],"predecessor-version":[{"id":26949,"href":"https:\/\/cgdauphine.fr\/wp-cgd\/wp-json\/wp\/v2\/pages\/26945\/revisions\/26949"}],"up":[{"embeddable":true,"href":"https:\/\/cgdauphine.fr\/wp-cgd\/wp-json\/wp\/v2\/pages\/26923"}],"wp:attachment":[{"href":"https:\/\/cgdauphine.fr\/wp-cgd\/wp-json\/wp\/v2\/media?parent=26945"}],"curies":[{"name":"wp","href":"https:\/\/api.w.org\/{rel}","templated":true}]}}