 {"id":26923,"date":"2025-04-11T07:12:16","date_gmt":"2025-04-11T05:12:16","guid":{"rendered":"https:\/\/cgdauphine.fr\/wp-cgd\/?page_id=26923"},"modified":"2026-03-06T14:49:18","modified_gmt":"2026-03-06T13:49:18","slug":"bibliotheques","status":"publish","type":"page","link":"https:\/\/cgdauphine.fr\/wp-cgd\/bibliotheques\/","title":{"rendered":"Biblioth\u00e8ques (ouvrages, revues) disponibles pour les adh\u00e9rents"},"content":{"rendered":"\t\t<div data-elementor-type=\"wp-post\" data-elementor-id=\"26923\" class=\"elementor elementor-26923\">\n\t\t\t\t\t\t<div class=\"elementor-inner\">\n\t\t\t\t<div class=\"elementor-section-wrap\">\n\t\t\t\t\t\t\t\t\t<section class=\"elementor-section elementor-top-section elementor-element elementor-element-a9b0229 elementor-section-boxed elementor-section-height-default elementor-section-height-default\" data-id=\"a9b0229\" data-element_type=\"section\">\n\t\t\t\t\t\t<div class=\"elementor-container elementor-column-gap-default\">\n\t\t\t\t\t\t\t<div class=\"elementor-row\">\n\t\t\t\t\t<div class=\"elementor-column elementor-col-50 elementor-top-column elementor-element elementor-element-77bc3b8\" data-id=\"77bc3b8\" data-element_type=\"column\">\n\t\t\t<div class=\"elementor-column-wrap elementor-element-populated\">\n\t\t\t\t\t\t\t<div class=\"elementor-widget-wrap\">\n\t\t\t\t\t\t<div class=\"elementor-element elementor-element-89a5385 elementor-widget elementor-widget-image\" data-id=\"89a5385\" data-element_type=\"widget\" data-widget_type=\"image.default\">\n\t\t\t\t<div class=\"elementor-widget-container\">\n\t\t\t\t\t\t\t\t<div class=\"elementor-image\">\n\t\t\t\t\t\t\t\t\t\t\t\t<img decoding=\"async\" width=\"512\" height=\"512\" src=\"https:\/\/cgdauphine.fr\/wp-cgd\/wp-content\/uploads\/2025\/03\/icone-bibliotheque.png\" class=\"attachment-large size-large wp-image-26785\" alt=\"\" loading=\"lazy\" srcset=\"https:\/\/cgdauphine.fr\/wp-cgd\/wp-content\/uploads\/2025\/03\/icone-bibliotheque.png 512w, https:\/\/cgdauphine.fr\/wp-cgd\/wp-content\/uploads\/2025\/03\/icone-bibliotheque-300x300.png 300w, https:\/\/cgdauphine.fr\/wp-cgd\/wp-content\/uploads\/2025\/03\/icone-bibliotheque-150x150.png 150w\" sizes=\"(max-width: 512px) 100vw, 512px\" \/>\t\t\t\t\t\t\t\t\t\t\t\t\t\t<\/div>\n\t\t\t\t\t\t<\/div>\n\t\t\t\t<\/div>\n\t\t\t\t\t\t<\/div>\n\t\t\t\t\t<\/div>\n\t\t<\/div>\n\t\t\t\t<div class=\"elementor-column elementor-col-50 elementor-top-column elementor-element elementor-element-4d9013e\" data-id=\"4d9013e\" data-element_type=\"column\">\n\t\t\t<div class=\"elementor-column-wrap elementor-element-populated\">\n\t\t\t\t\t\t\t<div class=\"elementor-widget-wrap\">\n\t\t\t\t\t\t<div class=\"elementor-element elementor-element-0c3516d elementor-widget elementor-widget-text-editor\" data-id=\"0c3516d\" data-element_type=\"widget\" data-widget_type=\"text-editor.default\">\n\t\t\t\t<div class=\"elementor-widget-container\">\n\t\t\t\t\t\t\t\t<div class=\"elementor-text-editor elementor-clearfix\">\n\t\t\t\t<p><big>Le C.G.D. tient \u00e0 la disposition de ses adh\u00e9rents, au <strong>local de Grenoble<\/strong> ainsi que dans <strong>certains groupes locaux<\/strong>, une collection de plus de 400 livres ou revues :<\/big><\/p><ul><li>soit pour consultation sur place pendant les permanences,<\/li><li>soit pour pr\u00eat afin de consulter chez soi, voir les <span style=\"color: #ff0000;\"><strong>c<\/strong><strong><span style=\"color: #ff0000;\">onditions sp<\/span>\u00e9cifiques aupr\u00e8s des responsables<\/strong><\/span>.<\/li><\/ul><p>Il n&#8217;y a aucun pr\u00eat par correspondance.<\/p>\t\t\t\t\t<\/div>\n\t\t\t\t\t\t<\/div>\n\t\t\t\t<\/div>\n\t\t\t\t\t\t<\/div>\n\t\t\t\t\t<\/div>\n\t\t<\/div>\n\t\t\t\t\t\t\t\t<\/div>\n\t\t\t\t\t<\/div>\n\t\t<\/section>\n\t\t\t\t<section class=\"elementor-section elementor-top-section elementor-element elementor-element-c1b172f elementor-section-boxed elementor-section-height-default elementor-section-height-default\" data-id=\"c1b172f\" data-element_type=\"section\">\n\t\t\t\t\t\t<div class=\"elementor-container elementor-column-gap-default\">\n\t\t\t\t\t\t\t<div class=\"elementor-row\">\n\t\t\t\t\t<div class=\"elementor-column elementor-col-100 elementor-top-column elementor-element elementor-element-65b5e43\" data-id=\"65b5e43\" data-element_type=\"column\">\n\t\t\t<div class=\"elementor-column-wrap elementor-element-populated\">\n\t\t\t\t\t\t\t<div class=\"elementor-widget-wrap\">\n\t\t\t\t\t\t<div class=\"elementor-element elementor-element-f37ef9d elementor-widget elementor-widget-heading\" data-id=\"f37ef9d\" data-element_type=\"widget\" data-widget_type=\"heading.default\">\n\t\t\t\t<div class=\"elementor-widget-container\">\n\t\t\t<h2 class=\"elementor-heading-title elementor-size-default\"><h3>Liste des ouvrages disponibles (consultables lors des permanences)<\/h3><\/h2>\t\t<\/div>\n\t\t\t\t<\/div>\n\t\t\t\t<div class=\"elementor-element elementor-element-398e9c1 elementor-widget elementor-widget-text-editor\" data-id=\"398e9c1\" data-element_type=\"widget\" data-widget_type=\"text-editor.default\">\n\t\t\t\t<div class=\"elementor-widget-container\">\n\t\t\t\t\t\t\t\t<div class=\"elementor-text-editor elementor-clearfix\">\n\t\t\t\t<p style=\"text-align: center;\"><strong>Cat\u00e9gories<\/strong>: Biographies &#8211; Congr\u00e8s &#8211; Divers &#8211; G\u00e9n\u00e9alogie &#8211; H\u00e9raldisme &#8211; Histoire &#8211; Histoire locale &#8211; Inventaires &#8211; Linguistique &#8211; Listes patronymes &#8211; M\u00e9tiers &#8211; Monographies &#8211; Recherche \/ M\u00e9thode &#8211; T\u00e9moignages &#8211; R\u00e9f\u00e9rences autres documents<\/p>\t\t\t\t\t<\/div>\n\t\t\t\t\t\t<\/div>\n\t\t\t\t<\/div>\n\t\t\t\t\t\t<\/div>\n\t\t\t\t\t<\/div>\n\t\t<\/div>\n\t\t\t\t\t\t\t\t<\/div>\n\t\t\t\t\t<\/div>\n\t\t<\/section>\n\t\t\t\t<section class=\"elementor-section elementor-top-section elementor-element elementor-element-26a1a34 elementor-section-boxed elementor-section-height-default elementor-section-height-default\" data-id=\"26a1a34\" data-element_type=\"section\">\n\t\t\t\t\t\t<div class=\"elementor-container elementor-column-gap-default\">\n\t\t\t\t\t\t\t<div class=\"elementor-row\">\n\t\t\t\t\t<div class=\"elementor-column elementor-col-33 elementor-top-column elementor-element elementor-element-e26a35d\" data-id=\"e26a35d\" data-element_type=\"column\">\n\t\t\t<div class=\"elementor-column-wrap elementor-element-populated\">\n\t\t\t\t\t\t\t<div class=\"elementor-widget-wrap\">\n\t\t\t\t\t\t<div class=\"elementor-element elementor-element-0334cd8 elementor-widget elementor-widget-heading\" data-id=\"0334cd8\" data-element_type=\"widget\" data-widget_type=\"heading.default\">\n\t\t\t\t<div class=\"elementor-widget-container\">\n\t\t\t<h2 class=\"elementor-heading-title elementor-size-default\"><h4>Si\u00e8ge de Grenoble<\/h3><\/h2>\t\t<\/div>\n\t\t\t\t<\/div>\n\t\t\t\t<section class=\"elementor-section elementor-inner-section elementor-element elementor-element-479adad elementor-section-boxed elementor-section-height-default elementor-section-height-default\" data-id=\"479adad\" data-element_type=\"section\">\n\t\t\t\t\t\t<div class=\"elementor-container elementor-column-gap-default\">\n\t\t\t\t\t\t\t<div class=\"elementor-row\">\n\t\t\t\t\t<div class=\"elementor-column elementor-col-50 elementor-inner-column elementor-element elementor-element-de935f8\" data-id=\"de935f8\" data-element_type=\"column\">\n\t\t\t<div class=\"elementor-column-wrap elementor-element-populated\">\n\t\t\t\t\t\t\t<div class=\"elementor-widget-wrap\">\n\t\t\t\t\t\t<div class=\"elementor-element elementor-element-ab9c2da elementor-widget elementor-widget-image\" data-id=\"ab9c2da\" data-element_type=\"widget\" data-widget_type=\"image.default\">\n\t\t\t\t<div class=\"elementor-widget-container\">\n\t\t\t\t\t\t\t\t<div class=\"elementor-image\">\n\t\t\t\t\t\t\t\t\t\t\t\t<img decoding=\"async\" width=\"740\" height=\"892\" src=\"https:\/\/cgdauphine.fr\/wp-cgd\/wp-content\/uploads\/2018\/07\/Bibliotheque-armoire.jpg\" class=\"attachment-large size-large wp-image-1765\" alt=\"\" loading=\"lazy\" srcset=\"https:\/\/cgdauphine.fr\/wp-cgd\/wp-content\/uploads\/2018\/07\/Bibliotheque-armoire.jpg 830w, https:\/\/cgdauphine.fr\/wp-cgd\/wp-content\/uploads\/2018\/07\/Bibliotheque-armoire-249x300.jpg 249w, https:\/\/cgdauphine.fr\/wp-cgd\/wp-content\/uploads\/2018\/07\/Bibliotheque-armoire-768x925.jpg 768w\" sizes=\"(max-width: 740px) 100vw, 740px\" \/>\t\t\t\t\t\t\t\t\t\t\t\t\t\t<\/div>\n\t\t\t\t\t\t<\/div>\n\t\t\t\t<\/div>\n\t\t\t\t\t\t<\/div>\n\t\t\t\t\t<\/div>\n\t\t<\/div>\n\t\t\t\t<div class=\"elementor-column elementor-col-50 elementor-inner-column elementor-element elementor-element-123d9d1\" data-id=\"123d9d1\" data-element_type=\"column\">\n\t\t\t<div class=\"elementor-column-wrap elementor-element-populated\">\n\t\t\t\t\t\t\t<div class=\"elementor-widget-wrap\">\n\t\t\t\t\t\t<div class=\"elementor-element elementor-element-45bc07c elementor-widget elementor-widget-text-editor\" data-id=\"45bc07c\" data-element_type=\"widget\" data-widget_type=\"text-editor.default\">\n\t\t\t\t<div class=\"elementor-widget-container\">\n\t\t\t\t\t\t\t\t<div class=\"elementor-text-editor elementor-clearfix\">\n\t\t\t\t<p><span style=\"color: #ff0000;\"><strong>+ 560 livres<\/strong><\/span> de g\u00e9n\u00e9alogie et d\u2019histoire<\/p><p><span style=\"color: #ff0000;\"><strong>+ 80 revues<\/strong><\/span> de g\u00e9n\u00e9alogie (index disponible)<\/p><p><span style=\"color: #ff0000;\"><strong>24 cartons de 380 g\u00e9n\u00e9alogies<\/strong><\/span> d\u00e9pos\u00e9es<\/p><p><strong><span style=\"color: #ff0000;\"> 80 monographies<\/span><\/strong> d\u2019histoire familiale et de communes.<\/p>\t\t\t\t\t<\/div>\n\t\t\t\t\t\t<\/div>\n\t\t\t\t<\/div>\n\t\t\t\t\t\t<\/div>\n\t\t\t\t\t<\/div>\n\t\t<\/div>\n\t\t\t\t\t\t\t\t<\/div>\n\t\t\t\t\t<\/div>\n\t\t<\/section>\n\t\t\t\t<div class=\"elementor-element elementor-element-2accd26 elementor-widget elementor-widget-text-editor\" data-id=\"2accd26\" data-element_type=\"widget\" data-widget_type=\"text-editor.default\">\n\t\t\t\t<div class=\"elementor-widget-container\">\n\t\t\t\t\t\t\t\t<div class=\"elementor-text-editor elementor-clearfix\">\n\t\t\t\t<p><strong>Remarque<\/strong> : Les ouvrages rep\u00e9r\u00e9s par <span style=\"background-color: yellow;\">un num\u00e9ro sur fond jaune<\/span> ont \u00e9t\u00e9 retir\u00e9s du libre service. Ils sont consultables sur demande au secr\u00e9tariat.<\/p>\t\t\t\t\t<\/div>\n\t\t\t\t\t\t<\/div>\n\t\t\t\t<\/div>\n\t\t\t\t<section class=\"elementor-section elementor-inner-section elementor-element elementor-element-419244d elementor-section-boxed elementor-section-height-default elementor-section-height-default\" data-id=\"419244d\" data-element_type=\"section\">\n\t\t\t\t\t\t<div class=\"elementor-container elementor-column-gap-default\">\n\t\t\t\t\t\t\t<div class=\"elementor-row\">\n\t\t\t\t\t<div class=\"elementor-column elementor-col-50 elementor-inner-column elementor-element elementor-element-fc45b00\" data-id=\"fc45b00\" data-element_type=\"column\">\n\t\t\t<div class=\"elementor-column-wrap elementor-element-populated\">\n\t\t\t\t\t\t\t<div class=\"elementor-widget-wrap\">\n\t\t\t\t\t\t<div class=\"elementor-element elementor-element-a476c65 elementor-align-center elementor-widget elementor-widget-button\" data-id=\"a476c65\" data-element_type=\"widget\" data-widget_type=\"button.default\">\n\t\t\t\t<div class=\"elementor-widget-container\">\n\t\t\t\t\t<div class=\"elementor-button-wrapper\">\n\t\t\t<a href=\"https:\/\/cgdauphine.fr\/wp-cgd\/bibliotheques\/conditions-de-consultation-de-la-bibliotheque-du-siege\/\" class=\"elementor-button-link elementor-button elementor-size-xs\" role=\"button\">\n\t\t\t\t\t\t<span class=\"elementor-button-content-wrapper\">\n\t\t\t\t\t\t\t<span class=\"elementor-button-icon elementor-align-icon-left\">\n\t\t\t\t<i aria-hidden=\"true\" class=\"fas fa-hand-point-right\"><\/i>\t\t\t<\/span>\n\t\t\t\t\t\t<span class=\"elementor-button-text\">Conditions de consultationes <\/span>\n\t\t<\/span>\n\t\t\t\t\t<\/a>\n\t\t<\/div>\n\t\t\t\t<\/div>\n\t\t\t\t<\/div>\n\t\t\t\t\t\t<\/div>\n\t\t\t\t\t<\/div>\n\t\t<\/div>\n\t\t\t\t<div class=\"elementor-column elementor-col-50 elementor-inner-column elementor-element elementor-element-489765c\" data-id=\"489765c\" data-element_type=\"column\">\n\t\t\t<div class=\"elementor-column-wrap elementor-element-populated\">\n\t\t\t\t\t\t\t<div class=\"elementor-widget-wrap\">\n\t\t\t\t\t\t<div class=\"elementor-element elementor-element-97e2c45 elementor-align-center elementor-widget elementor-widget-button\" data-id=\"97e2c45\" data-element_type=\"widget\" data-widget_type=\"button.default\">\n\t\t\t\t<div class=\"elementor-widget-container\">\n\t\t\t\t\t<div class=\"elementor-button-wrapper\">\n\t\t\t<a href=\"https:\/\/cgdauphine.fr\/wp-cgd\/wp-content\/uploads\/2026\/03\/2023-03-05-Biblio-Liste.pdf\" class=\"elementor-button-link elementor-button elementor-size-xs\" role=\"button\">\n\t\t\t\t\t\t<span class=\"elementor-button-content-wrapper\">\n\t\t\t\t\t\t\t<span class=\"elementor-button-icon elementor-align-icon-left\">\n\t\t\t\t<i aria-hidden=\"true\" class=\"fas fa-file-pdf\"><\/i>\t\t\t<\/span>\n\t\t\t\t\t\t<span class=\"elementor-button-text\">La liste des ouvrages <\/span>\n\t\t<\/span>\n\t\t\t\t\t<\/a>\n\t\t<\/div>\n\t\t\t\t<\/div>\n\t\t\t\t<\/div>\n\t\t\t\t<div class=\"elementor-element elementor-element-586f823 elementor-widget elementor-widget-text-editor\" data-id=\"586f823\" data-element_type=\"widget\" data-widget_type=\"text-editor.default\">\n\t\t\t\t<div class=\"elementor-widget-container\">\n\t\t\t\t\t\t\t\t<div class=\"elementor-text-editor elementor-clearfix\">\n\t\t\t\t<p style=\"text-align: center;\"><em>Mise \u00e0 jour: 5 mars 2026<\/em><\/p>\t\t\t\t\t<\/div>\n\t\t\t\t\t\t<\/div>\n\t\t\t\t<\/div>\n\t\t\t\t\t\t<\/div>\n\t\t\t\t\t<\/div>\n\t\t<\/div>\n\t\t\t\t\t\t\t\t<\/div>\n\t\t\t\t\t<\/div>\n\t\t<\/section>\n\t\t\t\t<div class=\"elementor-element elementor-element-661550c elementor-widget elementor-widget-text-editor\" data-id=\"661550c\" data-element_type=\"widget\" data-widget_type=\"text-editor.default\">\n\t\t\t\t<div class=\"elementor-widget-container\">\n\t\t\t\t\t\t\t\t<div class=\"elementor-text-editor elementor-clearfix\">\n\t\t\t\t<p>Des <a href=\"https:\/\/cgdauphine.fr\/wp-cgd\/wp-content\/uploads\/2018\/08\/2020-09-09-Revues.pdf\"><strong>revues provenant d&#8217;\u00e9changes avec diverses associations<\/strong><\/a> peuvent \u00eatre consult\u00e9es au si\u00e8ge pendant les permanences.<\/p><p><img decoding=\"async\" loading=\"lazy\" class=\"alignnone  wp-image-7699\" src=\"https:\/\/cgdauphine.fr\/wp-cgd\/wp-content\/uploads\/2020\/03\/important-icon64.png\" alt=\"\" width=\"23\" height=\"23\" srcset=\"https:\/\/cgdauphine.fr\/wp-cgd\/wp-content\/uploads\/2020\/03\/important-icon64.png 64w, https:\/\/cgdauphine.fr\/wp-cgd\/wp-content\/uploads\/2020\/03\/important-icon64-50x50.png 50w, https:\/\/cgdauphine.fr\/wp-cgd\/wp-content\/uploads\/2020\/03\/important-icon64-45x45.png 45w\" sizes=\"(max-width: 23px) 100vw, 23px\" \/>Seules les trois derni\u00e8res ann\u00e9es sont disponibles.<\/p>\t\t\t\t\t<\/div>\n\t\t\t\t\t\t<\/div>\n\t\t\t\t<\/div>\n\t\t\t\t\t\t<\/div>\n\t\t\t\t\t<\/div>\n\t\t<\/div>\n\t\t\t\t<div class=\"elementor-column elementor-col-33 elementor-top-column elementor-element elementor-element-16b3ae9\" data-id=\"16b3ae9\" data-element_type=\"column\">\n\t\t\t<div class=\"elementor-column-wrap\">\n\t\t\t\t\t\t\t<div class=\"elementor-widget-wrap\">\n\t\t\t\t\t\t\t\t<\/div>\n\t\t\t\t\t<\/div>\n\t\t<\/div>\n\t\t\t\t<div class=\"elementor-column elementor-col-33 elementor-top-column elementor-element elementor-element-a220264\" data-id=\"a220264\" data-element_type=\"column\">\n\t\t\t<div class=\"elementor-column-wrap elementor-element-populated\">\n\t\t\t\t\t\t\t<div class=\"elementor-widget-wrap\">\n\t\t\t\t\t\t<div class=\"elementor-element elementor-element-b3387d0 elementor-widget elementor-widget-heading\" data-id=\"b3387d0\" data-element_type=\"widget\" data-widget_type=\"heading.default\">\n\t\t\t\t<div class=\"elementor-widget-container\">\n\t\t\t<h2 class=\"elementor-heading-title elementor-size-default\"><h4>Groupes locaux<\/h3><\/h2>\t\t<\/div>\n\t\t\t\t<\/div>\n\t\t\t\t<section class=\"elementor-section elementor-inner-section elementor-element elementor-element-c6f8cbb elementor-section-boxed elementor-section-height-default elementor-section-height-default\" data-id=\"c6f8cbb\" data-element_type=\"section\">\n\t\t\t\t\t\t<div class=\"elementor-container elementor-column-gap-default\">\n\t\t\t\t\t\t\t<div class=\"elementor-row\">\n\t\t\t\t\t<div class=\"elementor-column elementor-col-33 elementor-inner-column elementor-element elementor-element-b050814\" data-id=\"b050814\" data-element_type=\"column\">\n\t\t\t<div class=\"elementor-column-wrap elementor-element-populated\">\n\t\t\t\t\t\t\t<div class=\"elementor-widget-wrap\">\n\t\t\t\t\t\t<div class=\"elementor-element elementor-element-ed69fcc elementor-widget elementor-widget-image\" data-id=\"ed69fcc\" data-element_type=\"widget\" data-widget_type=\"image.default\">\n\t\t\t\t<div class=\"elementor-widget-container\">\n\t\t\t\t\t\t\t\t<div class=\"elementor-image\">\n\t\t\t\t\t\t\t\t\t\t\t\t<img decoding=\"async\" width=\"740\" height=\"725\" src=\"https:\/\/cgdauphine.fr\/wp-cgd\/wp-content\/uploads\/2022\/09\/Groupes_isere_800px.jpg\" class=\"attachment-large size-large wp-image-11758\" alt=\"\" loading=\"lazy\" srcset=\"https:\/\/cgdauphine.fr\/wp-cgd\/wp-content\/uploads\/2022\/09\/Groupes_isere_800px.jpg 800w, https:\/\/cgdauphine.fr\/wp-cgd\/wp-content\/uploads\/2022\/09\/Groupes_isere_800px-300x294.jpg 300w, https:\/\/cgdauphine.fr\/wp-cgd\/wp-content\/uploads\/2022\/09\/Groupes_isere_800px-768x753.jpg 768w, https:\/\/cgdauphine.fr\/wp-cgd\/wp-content\/uploads\/2022\/09\/Groupes_isere_800px-306x300.jpg 306w\" sizes=\"(max-width: 740px) 100vw, 740px\" \/>\t\t\t\t\t\t\t\t\t\t\t\t\t\t<\/div>\n\t\t\t\t\t\t<\/div>\n\t\t\t\t<\/div>\n\t\t\t\t\t\t<\/div>\n\t\t\t\t\t<\/div>\n\t\t<\/div>\n\t\t\t\t<div class=\"elementor-column elementor-col-33 elementor-inner-column elementor-element elementor-element-7c31023\" data-id=\"7c31023\" data-element_type=\"column\">\n\t\t\t<div class=\"elementor-column-wrap\">\n\t\t\t\t\t\t\t<div class=\"elementor-widget-wrap\">\n\t\t\t\t\t\t\t\t<\/div>\n\t\t\t\t\t<\/div>\n\t\t<\/div>\n\t\t\t\t<div class=\"elementor-column elementor-col-33 elementor-inner-column elementor-element elementor-element-7ab29a7\" data-id=\"7ab29a7\" data-element_type=\"column\">\n\t\t\t<div class=\"elementor-column-wrap elementor-element-populated\">\n\t\t\t\t\t\t\t<div class=\"elementor-widget-wrap\">\n\t\t\t\t\t\t<div class=\"elementor-element elementor-element-e0fe24d elementor-widget elementor-widget-spacer\" data-id=\"e0fe24d\" data-element_type=\"widget\" data-widget_type=\"spacer.default\">\n\t\t\t\t<div class=\"elementor-widget-container\">\n\t\t\t\t\t<div class=\"elementor-spacer\">\n\t\t\t<div class=\"elementor-spacer-inner\"><\/div>\n\t\t<\/div>\n\t\t\t\t<\/div>\n\t\t\t\t<\/div>\n\t\t\t\t\t\t<\/div>\n\t\t\t\t\t<\/div>\n\t\t<\/div>\n\t\t\t\t\t\t\t\t<\/div>\n\t\t\t\t\t<\/div>\n\t\t<\/section>\n\t\t\t\t<div class=\"elementor-element elementor-element-6482560 elementor-widget elementor-widget-text-editor\" data-id=\"6482560\" data-element_type=\"widget\" data-widget_type=\"text-editor.default\">\n\t\t\t\t<div class=\"elementor-widget-container\">\n\t\t\t\t\t\t\t\t<div class=\"elementor-text-editor elementor-clearfix\">\n\t\t\t\t<p>Les Aveni\u00e8res-Veyrins poss\u00e8de au local de Veyrins: <a href=\"https:\/\/cgdauphine.fr\/wp-cgd\/wp-content\/uploads\/2025\/04\/ARCHIVES-LOCAL-VEYRINS-revues.pdf\">revues<\/a>, <a href=\"https:\/\/cgdauphine.fr\/wp-cgd\/wp-content\/uploads\/2025\/04\/ARCHIVES-LOCAL-VEYRINS-bibliographies.pdf\">bibliographies<\/a> et <a href=\"https:\/\/cgdauphine.fr\/wp-cgd\/wp-content\/uploads\/2025\/04\/ARCHIVES-LOCAL-VEYRINS-notaires.pdf\">relev\u00e9s de notaires<\/a>.<\/p>\t\t\t\t\t<\/div>\n\t\t\t\t\t\t<\/div>\n\t\t\t\t<\/div>\n\t\t\t\t\t\t<\/div>\n\t\t\t\t\t<\/div>\n\t\t<\/div>\n\t\t\t\t\t\t\t\t<\/div>\n\t\t\t\t\t<\/div>\n\t\t<\/section>\n\t\t\t\t\t\t\t\t\t<\/div>\n\t\t\t<\/div>\n\t\t\t\t\t<\/div>\n\t\t","protected":false},"excerpt":{"rendered":"<p>Le C.G.D. tient \u00e0 la disposition de ses adh\u00e9rents, au local de Grenoble ainsi que dans certains groupes locaux, une collection de plus de 400 livres ou revues : soit pour consultation sur place pendant les permanences, soit pour pr\u00eat afin de consulter chez soi, voir les conditions sp\u00e9cifiques aupr\u00e8s des responsables. Il n&#8217;y a aucun pr\u00eat par correspondance. Liste [&hellip;]<\/p>\n","protected":false},"author":1,"featured_media":0,"parent":0,"menu_order":0,"comment_status":"closed","ping_status":"closed","template":"tpl-full-width.php","meta":[],"_links":{"self":[{"href":"https:\/\/cgdauphine.fr\/wp-cgd\/wp-json\/wp\/v2\/pages\/26923"}],"collection":[{"href":"https:\/\/cgdauphine.fr\/wp-cgd\/wp-json\/wp\/v2\/pages"}],"about":[{"href":"https:\/\/cgdauphine.fr\/wp-cgd\/wp-json\/wp\/v2\/types\/page"}],"author":[{"embeddable":true,"href":"https:\/\/cgdauphine.fr\/wp-cgd\/wp-json\/wp\/v2\/users\/1"}],"replies":[{"embeddable":true,"href":"https:\/\/cgdauphine.fr\/wp-cgd\/wp-json\/wp\/v2\/comments?post=26923"}],"version-history":[{"count":56,"href":"https:\/\/cgdauphine.fr\/wp-cgd\/wp-json\/wp\/v2\/pages\/26923\/revisions"}],"predecessor-version":[{"id":28751,"href":"https:\/\/cgdauphine.fr\/wp-cgd\/wp-json\/wp\/v2\/pages\/26923\/revisions\/28751"}],"wp:attachment":[{"href":"https:\/\/cgdauphine.fr\/wp-cgd\/wp-json\/wp\/v2\/media?parent=26923"}],"curies":[{"name":"wp","href":"https:\/\/api.w.org\/{rel}","templated":true}]}}