 {"id":26047,"date":"2024-12-14T12:49:22","date_gmt":"2024-12-14T11:49:22","guid":{"rendered":"https:\/\/cgdauphine.fr\/wp-cgd\/?page_id=26047"},"modified":"2024-12-14T12:49:22","modified_gmt":"2024-12-14T11:49:22","slug":"index-patronymes-1-11","status":"publish","type":"page","link":"https:\/\/cgdauphine.fr\/wp-cgd\/cahiers-dauphinois\/index-patronymes-1-11\/","title":{"rendered":"Index patronymes 1-11"},"content":{"rendered":"<div class=\"members-access-error\"><img src=\"https:\/\/cgdauphine.fr\/wp-cgd\/wp-content\/plugins\/cgd-member-management\/\/images\/interdit-membre-50x50.png\"><big><strong>D\u00e9sol\u00e9, l'acc\u00e8s \u00e0 cette page est r\u00e9serv\u00e9 aux personnes autoris\u00e9es.<\/strong><\/big><br>Veuillez vous connecter (<a href=\"https:\/\/cgdauphine.fr\/wp-cgd\/connexion-profil\">Connexion<\/a>)<\/div>\n","protected":false},"excerpt":{"rendered":"<div class=\"members-access-error\"><img src=\"https:\/\/cgdauphine.fr\/wp-cgd\/wp-content\/plugins\/cgd-member-management\/\/images\/interdit-membre-50x50.png\"><big><strong>D\u00e9sol\u00e9, l'acc\u00e8s \u00e0 cette page est r\u00e9serv\u00e9 aux personnes autoris\u00e9es.<\/strong><\/big><br>Veuillez vous connecter (<a href=\"https:\/\/cgdauphine.fr\/wp-cgd\/connexion-profil\">Connexion<\/a>)<\/div>\n","protected":false},"author":1,"featured_media":0,"parent":1772,"menu_order":0,"comment_status":"closed","ping_status":"closed","template":"tpl-full-width.php","meta":[],"_links":{"self":[{"href":"https:\/\/cgdauphine.fr\/wp-cgd\/wp-json\/wp\/v2\/pages\/26047"}],"collection":[{"href":"https:\/\/cgdauphine.fr\/wp-cgd\/wp-json\/wp\/v2\/pages"}],"about":[{"href":"https:\/\/cgdauphine.fr\/wp-cgd\/wp-json\/wp\/v2\/types\/page"}],"author":[{"embeddable":true,"href":"https:\/\/cgdauphine.fr\/wp-cgd\/wp-json\/wp\/v2\/users\/1"}],"replies":[{"embeddable":true,"href":"https:\/\/cgdauphine.fr\/wp-cgd\/wp-json\/wp\/v2\/comments?post=26047"}],"version-history":[{"count":1,"href":"https:\/\/cgdauphine.fr\/wp-cgd\/wp-json\/wp\/v2\/pages\/26047\/revisions"}],"predecessor-version":[{"id":26048,"href":"https:\/\/cgdauphine.fr\/wp-cgd\/wp-json\/wp\/v2\/pages\/26047\/revisions\/26048"}],"up":[{"embeddable":true,"href":"https:\/\/cgdauphine.fr\/wp-cgd\/wp-json\/wp\/v2\/pages\/1772"}],"wp:attachment":[{"href":"https:\/\/cgdauphine.fr\/wp-cgd\/wp-json\/wp\/v2\/media?parent=26047"}],"curies":[{"name":"wp","href":"https:\/\/api.w.org\/{rel}","templated":true}]}}