 {"id":25380,"date":"2024-10-11T12:37:40","date_gmt":"2024-10-11T10:37:40","guid":{"rendered":"https:\/\/cgdauphine.fr\/wp-cgd\/?page_id=25380"},"modified":"2024-10-11T12:41:06","modified_gmt":"2024-10-11T10:41:06","slug":"archives-groupe","status":"publish","type":"page","link":"https:\/\/cgdauphine.fr\/wp-cgd\/evenements\/groupes\/groupe-trieves\/archives-groupe\/","title":{"rendered":"Archives d&#8217;actualit\u00e9s du groupe &#8220;Tri\u00e8ves&#8221;"},"content":{"rendered":"\t\t<div data-elementor-type=\"wp-page\" data-elementor-id=\"25380\" class=\"elementor elementor-25380\">\n\t\t\t\t\t\t<div class=\"elementor-inner\">\n\t\t\t\t<div class=\"elementor-section-wrap\">\n\t\t\t\t\t\t\t\t\t<section class=\"elementor-section elementor-top-section elementor-element elementor-element-315739d elementor-section-boxed elementor-section-height-default elementor-section-height-default\" data-id=\"315739d\" data-element_type=\"section\">\n\t\t\t\t\t\t<div class=\"elementor-container elementor-column-gap-default\">\n\t\t\t\t\t\t\t<div class=\"elementor-row\">\n\t\t\t\t\t<div class=\"elementor-column elementor-col-100 elementor-top-column elementor-element elementor-element-582d948\" data-id=\"582d948\" data-element_type=\"column\">\n\t\t\t<div class=\"elementor-column-wrap elementor-element-populated\">\n\t\t\t\t\t\t\t<div class=\"elementor-widget-wrap\">\n\t\t\t\t\t\t<div class=\"elementor-element elementor-element-f93ac74 elementor-widget elementor-widget-shortcode\" data-id=\"f93ac74\" data-element_type=\"widget\" data-widget_type=\"shortcode.default\">\n\t\t\t\t<div class=\"elementor-widget-container\">\n\t\t\t\t\t<div class=\"elementor-shortcode\">\n    <style>\n    a.type1:hover { color: #00000; }\n    .tooltip {\n        position: relative;\n        display: inline-block;\n        border-bottom: 1px ;\n        opacity: 1;\n        img {\n            position: relative;\n            z-index: 1;\n        }\n    }\n    \n    .tooltip .tooltiptext {\n        font-weight: bold;\n        visibility: hidden;\n        max-width: 400px;\n        min-width: 220px;\n        background-color: #f3f4aa;\n        border: 2px solid #aca9a9;\n        border-radius: 10px 0 10px 10px;\n        box-shaodw: 0 0 5px rgba(0,0,0,0.5);\n        position: absolute;\n        z-index: 2;\n        top: 100%;\n        margin: -5px -5px 0 0 ;\n        right: 100%;\n        transition: opacity 0.3s;\n        font-style: bold;\n        padding: 10px;\n        font-color: white;\n        text-align: left;\n    }\n    \n    .tooltiptext2 {\n        left: 100%;\n    }\n    \n    .tooltip:hover .tooltiptext {\n        visibility: visible;\n        opacity: 1;\n        font-style: bold;\n    }\n\n    table.bordurearrondie {\n        width: 100%;\n        border: 1px solid #42afbf;\n        box-shadow: 1px 1px 10px 1px #b5b6c2; \n        border-collapse: separate ;\n        border-radius: 0.5em\n    }\n            \n    <\/style><h3>Articles anciens (> 4 mois)<\/h3><style>#parent { white-space: nowrap; }\n                            .enfant { display: inline-block; }\n                        <\/style><div id=\"parent\"><div class=\"enfant\"><li>15 juin 2025\n                        <\/div><div class=\"enfant\">\n                        <form name=\"archives\" method=\"post\" action=\"\">\n                            <input name=\"ID\" type=\"hidden\" value=\"130\">                                   \n                            <input name=\"nom_groupe\" type=\"hidden\" value=\"groupe-trieves\">                        \n                            <input name=\"action_article\" type=\"hidden\" value=\"Voir archive\">    \n                            <input name=\"cgd_appel\" type=\"hidden\" value=\"OUI\">\n                            <input name=\"afficher_article\" type=\"submit\" value=\"Une belle rencontre ! \"\n                                style=\"background-color: transparent;\n                                    color: blue;\t\t\n                                    border : none ;\n                                    border-radius: 0px ;\n                                    box-shadow: 3px 3px 10px 0px rgba(0,0,0,0);\n                                    border : none ;\">\n                        <\/form>\n                    <\/li><\/div><\/div><div id=\"parent\"><div class=\"enfant\"><li>13 avril 2025\n                        <\/div><div class=\"enfant\">\n                        <form name=\"archives\" method=\"post\" action=\"\">\n                            <input name=\"ID\" type=\"hidden\" value=\"129\">                                   \n                            <input name=\"nom_groupe\" type=\"hidden\" value=\"groupe-trieves\">                        \n                            <input name=\"action_article\" type=\"hidden\" value=\"Voir archive\">    \n                            <input name=\"cgd_appel\" type=\"hidden\" value=\"OUI\">\n                            <input name=\"afficher_article\" type=\"submit\" value=\"Rencontre Annuelle Tri\u00e8ves  le 14 Juin 2025\"\n                                style=\"background-color: transparent;\n                                    color: blue;\t\t\n                                    border : none ;\n                                    border-radius: 0px ;\n                                    box-shadow: 3px 3px 10px 0px rgba(0,0,0,0);\n                                    border : none ;\">\n                        <\/form>\n                    <\/li><\/div><\/div><div id=\"parent\"><div class=\"enfant\"><li>29 mai 2024\n                        <\/div><div class=\"enfant\">\n                        <form name=\"archives\" method=\"post\" action=\"\">\n                            <input name=\"ID\" type=\"hidden\" value=\"80\">                                   \n                            <input name=\"nom_groupe\" type=\"hidden\" value=\"groupe-trieves\">                        \n                            <input name=\"action_article\" type=\"hidden\" value=\"Voir archive\">    \n                            <input name=\"cgd_appel\" type=\"hidden\" value=\"OUI\">\n                            <input name=\"afficher_article\" type=\"submit\" value=\"Programme journ\u00e9e du 15 Juin - Chichilianne\"\n                                style=\"background-color: transparent;\n                                    color: blue;\t\t\n                                    border : none ;\n                                    border-radius: 0px ;\n                                    box-shadow: 3px 3px 10px 0px rgba(0,0,0,0);\n                                    border : none ;\">\n                        <\/form>\n                    <\/li><\/div><\/div><div id=\"parent\"><div class=\"enfant\"><li>30 mars 2024\n                        <\/div><div class=\"enfant\">\n                        <form name=\"archives\" method=\"post\" action=\"\">\n                            <input name=\"ID\" type=\"hidden\" value=\"79\">                                   \n                            <input name=\"nom_groupe\" type=\"hidden\" value=\"groupe-trieves\">                        \n                            <input name=\"action_article\" type=\"hidden\" value=\"Voir archive\">    \n                            <input name=\"cgd_appel\" type=\"hidden\" value=\"OUI\">\n                            <input name=\"afficher_article\" type=\"submit\" value=\"Rencontre groupe Tri\u00e8ves\/math\u00e9sine le 15 juin 2024\"\n                                style=\"background-color: transparent;\n                                    color: blue;\t\t\n                                    border : none ;\n                                    border-radius: 0px ;\n                                    box-shadow: 3px 3px 10px 0px rgba(0,0,0,0);\n                                    border : none ;\">\n                        <\/form>\n                    <\/li><\/div><\/div><\/ul><\/div>\n\t\t\t\t<\/div>\n\t\t\t\t<\/div>\n\t\t\t\t<div class=\"elementor-element elementor-element-b5e6a73 elementor-widget elementor-widget-heading\" data-id=\"b5e6a73\" data-element_type=\"widget\" data-widget_type=\"heading.default\">\n\t\t\t\t<div class=\"elementor-widget-container\">\n\t\t\t<h2 class=\"elementor-heading-title elementor-size-default\"><h3>10 juin 2023 \u00e0 Mens<\/h3><\/h2>\t\t<\/div>\n\t\t\t\t<\/div>\n\t\t\t\t<div class=\"elementor-element elementor-element-47b24fa elementor-widget elementor-widget-text-editor\" data-id=\"47b24fa\" data-element_type=\"widget\" data-widget_type=\"text-editor.default\">\n\t\t\t\t<div class=\"elementor-widget-container\">\n\t\t\t\t\t\t\t\t<div class=\"elementor-text-editor elementor-clearfix\">\n\t\t\t\t<p class=\"m_2735391539300021643MsoPlainText\">Le groupe Local \u00ab\u00a0Tri\u00e8ves\u00a0\u00bb aura le plaisir de se retrouver \u00e0 MENS le samedi 10 juin 2023 dans la salle communale MENIL, situ\u00e9e \u00e0 l\u2019espace culturel face \u00e0 la mairie. <u><\/u><u><\/u><\/p><p class=\"m_2735391539300021643MsoPlainText\"><b><u>Au programme :<\/u><\/b><\/p><ol><li class=\"m_2735391539300021643MsoPlainText\">toutes les astuces pour bien utiliser <strong>GenEric<\/strong> (pr\u00e9sentation faite par Alain CHASSIGNEUX)<\/li><li class=\"m_2735391539300021643MsoPlainText\">\u00c9changes g\u00e9n\u00e9alogiques<\/li><li class=\"m_2735391539300021643MsoPlainText\"><strong>Repas<\/strong> avec des produits locaux propos\u00e9 par le Caf\u00e9 des arts<\/li><li class=\"m_2735391539300021643MsoPlainText\">Visite du <strong>mus\u00e9e du Tri\u00e8ves<\/strong> (anim\u00e9e par Fr\u00e9d\u00e9ric DUMOLLARD Responsable du mus\u00e9e et du Fond documentaire Tri\u00e8vois)<\/li><\/ol><p class=\"m_2735391539300021643MsoPlainText\">Inscription aupr\u00e8s de Catherine et Alain SONZOGNI<\/p>\t\t\t\t\t<\/div>\n\t\t\t\t\t\t<\/div>\n\t\t\t\t<\/div>\n\t\t\t\t<div class=\"elementor-element elementor-element-65c23f1 elementor-widget elementor-widget-text-editor\" data-id=\"65c23f1\" data-element_type=\"widget\" data-widget_type=\"text-editor.default\">\n\t\t\t\t<div class=\"elementor-widget-container\">\n\t\t\t\t\t\t\t\t<div class=\"elementor-text-editor elementor-clearfix\">\n\t\t\t\t<p>A d\u00e9couvrir le site de Bertrand Couvrat avec une\u00a0<a href=\"http:\/\/bertrandamm.free.fr\/Trieves.html\" rel=\"noopener\">une introduction au Tri\u00e8ves<\/a>\u00a0ainsi qu&#8217;une\u00a0<a href=\"http:\/\/bertrandamm.free.fr\/bibliographie.html\" rel=\"noopener\">bibliographie<\/a>.<\/p><p><a href=\"https:\/\/cgdauphine.fr\/wp-cgd\/evenements\/groupes\/groupe-matheysine\/reunion-du-groupe-mathesine-trieves-du-5-juin-2004\/\">R\u00e9union des groupes Matheysine et Tri\u00e8ves du 5 juin 2004<\/a><\/p><p><a href=\"https:\/\/cgdauphine.fr\/wp-cgd\/evenements\/groupes\/groupe-matheysine\/reunion-du-groupe-mathesine-trieves-du-20-mai-2006\/\">R\u00e9union du groupe Math\u00e9sine-Tri\u00e8ves du 20 mai 2006<\/a><\/p><p><a href=\"https:\/\/cgdauphine.fr\/wp-cgd\/evenements\/groupes\/groupe-matheysine\/reunion-du-groupe-mathesine-trieves-du-18-juin-2005\/\">R\u00e9union du groupe Matheysine-Tri\u00e8ves du 18 juin 2005<\/a><\/p><p><a href=\"https:\/\/cgdauphine.fr\/wp-cgd\/evenements\/groupes\/groupe-matheysine\/reunion-du-groupe-matheysine-trieves-du-7-octobre-2006\/\">R\u00e9union du groupe Matheysine-Tri\u00e8ves du 7 octobre 2006<\/a><\/p>\t\t\t\t\t<\/div>\n\t\t\t\t\t\t<\/div>\n\t\t\t\t<\/div>\n\t\t\t\t\t\t<\/div>\n\t\t\t\t\t<\/div>\n\t\t<\/div>\n\t\t\t\t\t\t\t\t<\/div>\n\t\t\t\t\t<\/div>\n\t\t<\/section>\n\t\t\t\t\t\t\t\t\t<\/div>\n\t\t\t<\/div>\n\t\t\t\t\t<\/div>\n\t\t","protected":false},"excerpt":{"rendered":"<p>10 juin 2023 \u00e0 Mens Le groupe Local \u00ab\u00a0Tri\u00e8ves\u00a0\u00bb aura le plaisir de se retrouver \u00e0 MENS le samedi 10 juin 2023 dans la salle communale MENIL, situ\u00e9e \u00e0 l\u2019espace culturel face \u00e0 la mairie. Au programme : toutes les astuces pour bien utiliser GenEric (pr\u00e9sentation faite par Alain CHASSIGNEUX) \u00c9changes g\u00e9n\u00e9alogiques Repas avec des produits locaux propos\u00e9 par le [&hellip;]<\/p>\n","protected":false},"author":1,"featured_media":0,"parent":3351,"menu_order":0,"comment_status":"closed","ping_status":"closed","template":"tpl-full-width.php","meta":[],"_links":{"self":[{"href":"https:\/\/cgdauphine.fr\/wp-cgd\/wp-json\/wp\/v2\/pages\/25380"}],"collection":[{"href":"https:\/\/cgdauphine.fr\/wp-cgd\/wp-json\/wp\/v2\/pages"}],"about":[{"href":"https:\/\/cgdauphine.fr\/wp-cgd\/wp-json\/wp\/v2\/types\/page"}],"author":[{"embeddable":true,"href":"https:\/\/cgdauphine.fr\/wp-cgd\/wp-json\/wp\/v2\/users\/1"}],"replies":[{"embeddable":true,"href":"https:\/\/cgdauphine.fr\/wp-cgd\/wp-json\/wp\/v2\/comments?post=25380"}],"version-history":[{"count":7,"href":"https:\/\/cgdauphine.fr\/wp-cgd\/wp-json\/wp\/v2\/pages\/25380\/revisions"}],"predecessor-version":[{"id":25387,"href":"https:\/\/cgdauphine.fr\/wp-cgd\/wp-json\/wp\/v2\/pages\/25380\/revisions\/25387"}],"up":[{"embeddable":true,"href":"https:\/\/cgdauphine.fr\/wp-cgd\/wp-json\/wp\/v2\/pages\/3351"}],"wp:attachment":[{"href":"https:\/\/cgdauphine.fr\/wp-cgd\/wp-json\/wp\/v2\/media?parent=25380"}],"curies":[{"name":"wp","href":"https:\/\/api.w.org\/{rel}","templated":true}]}}