 {"id":25332,"date":"2024-10-11T12:06:18","date_gmt":"2024-10-11T10:06:18","guid":{"rendered":"https:\/\/cgdauphine.fr\/wp-cgd\/?page_id=25332"},"modified":"2024-10-11T12:14:08","modified_gmt":"2024-10-11T10:14:08","slug":"archives-groupe","status":"publish","type":"page","link":"https:\/\/cgdauphine.fr\/wp-cgd\/evenements\/groupes\/siege-grenoble\/archives-groupe\/","title":{"rendered":"Archives d&#8217;actualit\u00e9s du si\u00e8ge (Grenoble)"},"content":{"rendered":"\t\t<div data-elementor-type=\"wp-page\" data-elementor-id=\"25332\" class=\"elementor elementor-25332\">\n\t\t\t\t\t\t<div class=\"elementor-inner\">\n\t\t\t\t<div class=\"elementor-section-wrap\">\n\t\t\t\t\t\t\t\t\t<section class=\"elementor-section elementor-top-section elementor-element elementor-element-fdd943b elementor-section-boxed elementor-section-height-default elementor-section-height-default\" data-id=\"fdd943b\" data-element_type=\"section\">\n\t\t\t\t\t\t<div class=\"elementor-container elementor-column-gap-default\">\n\t\t\t\t\t\t\t<div class=\"elementor-row\">\n\t\t\t\t\t<div class=\"elementor-column elementor-col-100 elementor-top-column elementor-element elementor-element-641b9ba\" data-id=\"641b9ba\" data-element_type=\"column\">\n\t\t\t<div class=\"elementor-column-wrap elementor-element-populated\">\n\t\t\t\t\t\t\t<div class=\"elementor-widget-wrap\">\n\t\t\t\t\t\t<div class=\"elementor-element elementor-element-4c4d7b3 elementor-widget elementor-widget-shortcode\" data-id=\"4c4d7b3\" data-element_type=\"widget\" data-widget_type=\"shortcode.default\">\n\t\t\t\t<div class=\"elementor-widget-container\">\n\t\t\t\t\t<div class=\"elementor-shortcode\">\n    <style>\n    a.type1:hover { color: #00000; }\n    .tooltip {\n        position: relative;\n        display: inline-block;\n        border-bottom: 1px ;\n        opacity: 1;\n        img {\n            position: relative;\n            z-index: 1;\n        }\n    }\n    \n    .tooltip .tooltiptext {\n        font-weight: bold;\n        visibility: hidden;\n        max-width: 400px;\n        min-width: 220px;\n        background-color: #f3f4aa;\n        border: 2px solid #aca9a9;\n        border-radius: 10px 0 10px 10px;\n        box-shaodw: 0 0 5px rgba(0,0,0,0.5);\n        position: absolute;\n        z-index: 2;\n        top: 100%;\n        margin: -5px -5px 0 0 ;\n        right: 100%;\n        transition: opacity 0.3s;\n        font-style: bold;\n        padding: 10px;\n        font-color: white;\n        text-align: left;\n    }\n    \n    .tooltiptext2 {\n        left: 100%;\n    }\n    \n    .tooltip:hover .tooltiptext {\n        visibility: visible;\n        opacity: 1;\n        font-style: bold;\n    }\n\n    table.bordurearrondie {\n        width: 100%;\n        border: 1px solid #42afbf;\n        box-shadow: 1px 1px 10px 1px #b5b6c2; \n        border-collapse: separate ;\n        border-radius: 0.5em\n    }\n            \n    <\/style><h3>Articles anciens (> 4 mois)<\/h3><style>#parent { white-space: nowrap; }\n                            .enfant { display: inline-block; }\n                        <\/style><div id=\"parent\"><div class=\"enfant\"><li>28 septembre 2023\n                        <\/div><div class=\"enfant\">\n                        <form name=\"archives\" method=\"post\" action=\"\">\n                            <input name=\"ID\" type=\"hidden\" value=\"26\">                                   \n                            <input name=\"nom_groupe\" type=\"hidden\" value=\"siege-grenoble\">                        \n                            <input name=\"action_article\" type=\"hidden\" value=\"Voir archive\">    \n                            <input name=\"cgd_appel\" type=\"hidden\" value=\"OUI\">\n                            <input name=\"afficher_article\" type=\"submit\" value=\"Cours de G\u00e9n\u00e9alogie\"\n                                style=\"background-color: transparent;\n                                    color: blue;\t\t\n                                    border : none ;\n                                    border-radius: 0px ;\n                                    box-shadow: 3px 3px 10px 0px rgba(0,0,0,0);\n                                    border : none ;\">\n                        <\/form>\n                    <\/li><\/div><\/div><\/ul><\/div>\n\t\t\t\t<\/div>\n\t\t\t\t<\/div>\n\t\t\t\t<section class=\"elementor-section elementor-inner-section elementor-element elementor-element-0b76109 elementor-section-boxed elementor-section-height-default elementor-section-height-default\" data-id=\"0b76109\" data-element_type=\"section\">\n\t\t\t\t\t\t<div class=\"elementor-container elementor-column-gap-default\">\n\t\t\t\t\t\t\t<div class=\"elementor-row\">\n\t\t\t\t\t<div class=\"elementor-column elementor-col-50 elementor-inner-column elementor-element elementor-element-a3c0a5c\" data-id=\"a3c0a5c\" data-element_type=\"column\">\n\t\t\t<div class=\"elementor-column-wrap elementor-element-populated\">\n\t\t\t\t\t\t\t<div class=\"elementor-widget-wrap\">\n\t\t\t\t\t\t<div class=\"elementor-element elementor-element-fd30865 elementor-widget elementor-widget-image\" data-id=\"fd30865\" data-element_type=\"widget\" data-widget_type=\"image.default\">\n\t\t\t\t<div class=\"elementor-widget-container\">\n\t\t\t\t\t\t\t\t<div class=\"elementor-image\">\n\t\t\t\t\t\t\t\t\t\t\t\t<img decoding=\"async\" width=\"300\" height=\"168\" src=\"https:\/\/cgdauphine.fr\/wp-cgd\/wp-content\/uploads\/2023\/06\/Screenshot-2023-06-08-at-08-16-24-Accueil-300x168.png\" class=\"attachment-medium size-medium wp-image-15538\" alt=\"\" loading=\"lazy\" srcset=\"https:\/\/cgdauphine.fr\/wp-cgd\/wp-content\/uploads\/2023\/06\/Screenshot-2023-06-08-at-08-16-24-Accueil-300x168.png 300w, https:\/\/cgdauphine.fr\/wp-cgd\/wp-content\/uploads\/2023\/06\/Screenshot-2023-06-08-at-08-16-24-Accueil.png 426w\" sizes=\"(max-width: 300px) 100vw, 300px\" \/>\t\t\t\t\t\t\t\t\t\t\t\t\t\t<\/div>\n\t\t\t\t\t\t<\/div>\n\t\t\t\t<\/div>\n\t\t\t\t\t\t<\/div>\n\t\t\t\t\t<\/div>\n\t\t<\/div>\n\t\t\t\t<div class=\"elementor-column elementor-col-50 elementor-inner-column elementor-element elementor-element-757e8d3\" data-id=\"757e8d3\" data-element_type=\"column\">\n\t\t\t<div class=\"elementor-column-wrap elementor-element-populated\">\n\t\t\t\t\t\t\t<div class=\"elementor-widget-wrap\">\n\t\t\t\t\t\t<div class=\"elementor-element elementor-element-59b5d53 elementor-widget elementor-widget-text-editor\" data-id=\"59b5d53\" data-element_type=\"widget\" data-widget_type=\"text-editor.default\">\n\t\t\t\t<div class=\"elementor-widget-container\">\n\t\t\t\t\t\t\t\t<div class=\"elementor-text-editor elementor-clearfix\">\n\t\t\t\t<p>Le CGD a ouvert ses portes au si\u00e8ge de Grenoble le <strong><big>samedi 16 septembre<\/big><\/strong>:<\/p><p><strong>Pr\u00e9sentation de notre base de relev\u00e9s<\/strong>\u00a0pour faciliter les recherches g\u00e9n\u00e9alogiques : actes de naissance, mariage, d\u00e9c\u00e8s, actes notari\u00e9s, cimeti\u00e8res &#8230;.<\/p><p><strong>Exposition d&#8217;arbres g\u00e9n\u00e9alogiqu<\/strong>es de c\u00e9l\u00e9brit\u00e9s is\u00e9roises : artistes, \u00e9crivains, scientifiques&#8230;<\/p>\t\t\t\t\t<\/div>\n\t\t\t\t\t\t<\/div>\n\t\t\t\t<\/div>\n\t\t\t\t\t\t<\/div>\n\t\t\t\t\t<\/div>\n\t\t<\/div>\n\t\t\t\t\t\t\t\t<\/div>\n\t\t\t\t\t<\/div>\n\t\t<\/section>\n\t\t\t\t<section class=\"elementor-section elementor-inner-section elementor-element elementor-element-832abc6 elementor-section-boxed elementor-section-height-default elementor-section-height-default\" data-id=\"832abc6\" data-element_type=\"section\">\n\t\t\t\t\t\t<div class=\"elementor-container elementor-column-gap-default\">\n\t\t\t\t\t\t\t<div class=\"elementor-row\">\n\t\t\t\t\t<div class=\"elementor-column elementor-col-50 elementor-inner-column elementor-element elementor-element-9c3e282\" data-id=\"9c3e282\" data-element_type=\"column\">\n\t\t\t<div class=\"elementor-column-wrap elementor-element-populated\">\n\t\t\t\t\t\t\t<div class=\"elementor-widget-wrap\">\n\t\t\t\t\t\t<div class=\"elementor-element elementor-element-a65df41 elementor-widget elementor-widget-image\" data-id=\"a65df41\" data-element_type=\"widget\" data-widget_type=\"image.default\">\n\t\t\t\t<div class=\"elementor-widget-container\">\n\t\t\t\t\t\t\t\t<div class=\"elementor-image\">\n\t\t\t\t\t\t\t\t\t<figure class=\"wp-caption\">\n\t\t\t\t\t\t\t\t\t\t\t<a href=\"https:\/\/cgdauphine.fr\/wp-cgd\/wp-content\/uploads\/2022\/09\/formation-20221119.jpg\" data-elementor-open-lightbox=\"yes\" data-elementor-lightbox-title=\"formation-20221119\" data-e-action-hash=\"#elementor-action%3Aaction%3Dlightbox%26settings%3DeyJpZCI6MTE4MzksInVybCI6Imh0dHBzOlwvXC9jZ2RhdXBoaW5lLmZyXC93cC1jZ2RcL3dwLWNvbnRlbnRcL3VwbG9hZHNcLzIwMjJcLzA5XC9mb3JtYXRpb24tMjAyMjExMTkuanBnIn0%3D\">\n\t\t\t\t\t\t\t<img decoding=\"async\" width=\"740\" height=\"495\" src=\"https:\/\/cgdauphine.fr\/wp-cgd\/wp-content\/uploads\/2022\/09\/formation-20221119-1024x685.jpg\" class=\"attachment-large size-large wp-image-11839\" alt=\"\" loading=\"lazy\" srcset=\"https:\/\/cgdauphine.fr\/wp-cgd\/wp-content\/uploads\/2022\/09\/formation-20221119-1024x685.jpg 1024w, https:\/\/cgdauphine.fr\/wp-cgd\/wp-content\/uploads\/2022\/09\/formation-20221119-300x201.jpg 300w, https:\/\/cgdauphine.fr\/wp-cgd\/wp-content\/uploads\/2022\/09\/formation-20221119-768x514.jpg 768w, https:\/\/cgdauphine.fr\/wp-cgd\/wp-content\/uploads\/2022\/09\/formation-20221119-400x268.jpg 400w, https:\/\/cgdauphine.fr\/wp-cgd\/wp-content\/uploads\/2022\/09\/formation-20221119.jpg 1674w\" sizes=\"(max-width: 740px) 100vw, 740px\" \/>\t\t\t\t\t\t\t\t<\/a>\n\t\t\t\t\t\t\t\t\t\t\t<figcaption class=\"widget-image-caption wp-caption-text\">Formation au si\u00e8ge le 19 novembre 2022<\/figcaption>\n\t\t\t\t\t\t\t\t\t\t<\/figure>\n\t\t\t\t\t\t\t\t<\/div>\n\t\t\t\t\t\t<\/div>\n\t\t\t\t<\/div>\n\t\t\t\t\t\t<\/div>\n\t\t\t\t\t<\/div>\n\t\t<\/div>\n\t\t\t\t<div class=\"elementor-column elementor-col-50 elementor-inner-column elementor-element elementor-element-19c9bfd\" data-id=\"19c9bfd\" data-element_type=\"column\">\n\t\t\t<div class=\"elementor-column-wrap elementor-element-populated\">\n\t\t\t\t\t\t\t<div class=\"elementor-widget-wrap\">\n\t\t\t\t\t\t<div class=\"elementor-element elementor-element-5b1e654 elementor-widget elementor-widget-image\" data-id=\"5b1e654\" data-element_type=\"widget\" data-widget_type=\"image.default\">\n\t\t\t\t<div class=\"elementor-widget-container\">\n\t\t\t\t\t\t\t\t<div class=\"elementor-image\">\n\t\t\t\t\t\t\t\t\t<figure class=\"wp-caption\">\n\t\t\t\t\t\t\t\t\t\t\t<a href=\"https:\/\/cgdauphine.fr\/wp-cgd\/wp-content\/uploads\/2022\/07\/220629-pot-de-d\u00e9part-en-vacances-du-CGD.jpg\" data-elementor-open-lightbox=\"yes\" data-elementor-lightbox-title=\"220629 pot de d\u00e9part en vacances du CGD\" data-e-action-hash=\"#elementor-action%3Aaction%3Dlightbox%26settings%3DeyJpZCI6MTE2NjEsInVybCI6Imh0dHBzOlwvXC9jZ2RhdXBoaW5lLmZyXC93cC1jZ2RcL3dwLWNvbnRlbnRcL3VwbG9hZHNcLzIwMjJcLzA3XC8yMjA2MjktcG90LWRlLWRcdTAwZTlwYXJ0LWVuLXZhY2FuY2VzLWR1LUNHRC5qcGcifQ%3D%3D\">\n\t\t\t\t\t\t\t<img decoding=\"async\" width=\"740\" height=\"740\" src=\"https:\/\/cgdauphine.fr\/wp-cgd\/wp-content\/uploads\/2022\/07\/220629-pot-de-d\u00e9part-en-vacances-du-CGD-1024x1024.jpg\" class=\"attachment-large size-large wp-image-11661\" alt=\"\" loading=\"lazy\" srcset=\"https:\/\/cgdauphine.fr\/wp-cgd\/wp-content\/uploads\/2022\/07\/220629-pot-de-d\u00e9part-en-vacances-du-CGD-1024x1024.jpg 1024w, https:\/\/cgdauphine.fr\/wp-cgd\/wp-content\/uploads\/2022\/07\/220629-pot-de-d\u00e9part-en-vacances-du-CGD-150x150.jpg 150w, https:\/\/cgdauphine.fr\/wp-cgd\/wp-content\/uploads\/2022\/07\/220629-pot-de-d\u00e9part-en-vacances-du-CGD-300x300.jpg 300w, https:\/\/cgdauphine.fr\/wp-cgd\/wp-content\/uploads\/2022\/07\/220629-pot-de-d\u00e9part-en-vacances-du-CGD-768x768.jpg 768w\" sizes=\"(max-width: 740px) 100vw, 740px\" \/>\t\t\t\t\t\t\t\t<\/a>\n\t\t\t\t\t\t\t\t\t\t\t<figcaption class=\"widget-image-caption wp-caption-text\">Ambiance conviviale le 29 juin 2022 avec le pot de d\u00e9part en vacances.<\/figcaption>\n\t\t\t\t\t\t\t\t\t\t<\/figure>\n\t\t\t\t\t\t\t\t<\/div>\n\t\t\t\t\t\t<\/div>\n\t\t\t\t<\/div>\n\t\t\t\t\t\t<\/div>\n\t\t\t\t\t<\/div>\n\t\t<\/div>\n\t\t\t\t\t\t\t\t<\/div>\n\t\t\t\t\t<\/div>\n\t\t<\/section>\n\t\t\t\t\t\t<\/div>\n\t\t\t\t\t<\/div>\n\t\t<\/div>\n\t\t\t\t\t\t\t\t<\/div>\n\t\t\t\t\t<\/div>\n\t\t<\/section>\n\t\t\t\t\t\t\t\t\t<\/div>\n\t\t\t<\/div>\n\t\t\t\t\t<\/div>\n\t\t","protected":false},"excerpt":{"rendered":"<p>Le CGD a ouvert ses portes au si\u00e8ge de Grenoble le samedi 16 septembre: Pr\u00e9sentation de notre base de relev\u00e9s\u00a0pour faciliter les recherches g\u00e9n\u00e9alogiques : actes de naissance, mariage, d\u00e9c\u00e8s, actes notari\u00e9s, cimeti\u00e8res &#8230;. Exposition d&#8217;arbres g\u00e9n\u00e9alogiques de c\u00e9l\u00e9brit\u00e9s is\u00e9roises : artistes, \u00e9crivains, scientifiques&#8230; Formation au si\u00e8ge le 19 novembre 2022 Ambiance conviviale le 29 juin 2022 avec le pot [&hellip;]<\/p>\n","protected":false},"author":1,"featured_media":0,"parent":3338,"menu_order":0,"comment_status":"closed","ping_status":"closed","template":"tpl-full-width.php","meta":[],"_links":{"self":[{"href":"https:\/\/cgdauphine.fr\/wp-cgd\/wp-json\/wp\/v2\/pages\/25332"}],"collection":[{"href":"https:\/\/cgdauphine.fr\/wp-cgd\/wp-json\/wp\/v2\/pages"}],"about":[{"href":"https:\/\/cgdauphine.fr\/wp-cgd\/wp-json\/wp\/v2\/types\/page"}],"author":[{"embeddable":true,"href":"https:\/\/cgdauphine.fr\/wp-cgd\/wp-json\/wp\/v2\/users\/1"}],"replies":[{"embeddable":true,"href":"https:\/\/cgdauphine.fr\/wp-cgd\/wp-json\/wp\/v2\/comments?post=25332"}],"version-history":[{"count":10,"href":"https:\/\/cgdauphine.fr\/wp-cgd\/wp-json\/wp\/v2\/pages\/25332\/revisions"}],"predecessor-version":[{"id":25353,"href":"https:\/\/cgdauphine.fr\/wp-cgd\/wp-json\/wp\/v2\/pages\/25332\/revisions\/25353"}],"up":[{"embeddable":true,"href":"https:\/\/cgdauphine.fr\/wp-cgd\/wp-json\/wp\/v2\/pages\/3338"}],"wp:attachment":[{"href":"https:\/\/cgdauphine.fr\/wp-cgd\/wp-json\/wp\/v2\/media?parent=25332"}],"curies":[{"name":"wp","href":"https:\/\/api.w.org\/{rel}","templated":true}]}}