 {"id":23,"date":"2018-07-05T18:49:17","date_gmt":"2018-07-05T16:49:17","guid":{"rendered":"http:\/\/cgdauphine.fr\/wp-cgd\/?page_id=23"},"modified":"2026-04-28T08:05:44","modified_gmt":"2026-04-28T06:05:44","slug":"accueil","status":"publish","type":"page","link":"https:\/\/cgdauphine.fr\/wp-cgd\/","title":{"rendered":"Accueil"},"content":{"rendered":"\t\t<div data-elementor-type=\"wp-post\" data-elementor-id=\"23\" class=\"elementor elementor-23\">\n\t\t\t\t\t\t<div class=\"elementor-inner\">\n\t\t\t\t<div class=\"elementor-section-wrap\">\n\t\t\t\t\t\t\t\t\t<section class=\"elementor-section elementor-top-section elementor-element elementor-element-fff09f4 elementor-section-boxed elementor-section-height-default elementor-section-height-default\" data-id=\"fff09f4\" data-element_type=\"section\">\n\t\t\t\t\t\t<div class=\"elementor-container elementor-column-gap-default\">\n\t\t\t\t\t\t\t<div class=\"elementor-row\">\n\t\t\t\t\t<div class=\"elementor-column elementor-col-100 elementor-top-column elementor-element elementor-element-c9d305e\" data-id=\"c9d305e\" data-element_type=\"column\">\n\t\t\t<div class=\"elementor-column-wrap elementor-element-populated\">\n\t\t\t\t\t\t\t<div class=\"elementor-widget-wrap\">\n\t\t\t\t\t\t<div class=\"elementor-element elementor-element-1eea20d elementor-widget elementor-widget-shortcode\" data-id=\"1eea20d\" data-element_type=\"widget\" data-widget_type=\"shortcode.default\">\n\t\t\t\t<div class=\"elementor-widget-container\">\n\t\t\t<span style=\"text-align: right;font-size: 10px; font-style: italic;\">form-017#0 &nbsp; &nbsp; 29\/04\/2026 10:56:30<\/span><style>\n        .cgd-big-button {\n            position: relative;\n            display: inline-block;\n            width: 175px;\n            height: 210px;\n            padding: 10px;\n            vertical-align: top;\n            border: solid 2px black;\n            border-radius: 20px;\n            background: transparent;\n            transition: background-color 0.25s ease;\n            text-decoration: none;\n            cursor: pointer;\n        }\n            \n\n        .cgd-big-button-fleche {\n            background: #fdf6f8;\n            cursor: default; \/* \u2190 fl\u00e8che normale *\/\n        }\n\n        .cgd-big-button:hover {\n            background: #FFFFD4;\n        }\n        \n        .cgd-big-button-fleche:hover {\n            background-image: url(\"https:\/\/cgdauphine.fr\/wp-cgd\/wp-content\/plugins\/cgd-member-management\/images\/reserve-adherents-175x22.png\");\n        }\n\n\n        .cgd-big-btn-inner {\n            display: flex;\n            flex-direction: column;\n            align-items: center;\n            gap: 8px;\n        }\n\n        .cgd-big-btn-img {\n            width: 150px;\n            height: 150px;\n        }\n\n        .cgd-big-btn-title {\n            font-size: 1em;\n            font-weight: 900;\n            color: black;\n        }\n\n        \/* Tooltip 120% largeur, sous le milieu *\/\n        .cgd-big-btn-tooltip {\n            position: absolute;\n            top: 75%;                   \/* vertical: juste au-dessus du titre *\/\n            left: 50%;                  \/* horizontal: au milieu du bouton *\/\n            width: 120%;\n            min-height: 200px;\n            align-items: center;\n            transform: translateX(-50%) translateY(-100%);\n            background-color: #515151;\n            color: white;\n            border: 1px solid #515151;     \/* bordure noire *\/\n            padding: 10px;\n            border-radius: 24px;\n            font-size: 1.2rem;\n            text-align: left;\n            vertical-align: center;\n            opacity: 0;\n            pointer-events: none;\n            transition: opacity 0.25s ease;\n            z-index: 20;\n        }\n\n        \/* Affichage au survol *\/\n        .cgd-big-button:hover .cgd-big-btn-tooltip {\n            opacity: 1;\n        }\n\n        \/* Liser\u00e9 blanc interne *\/\n        .cgd-big-btn-tooltip::before {\n            content: \"\";\n            position: absolute;\n            top: 2px;      \/* distance par rapport \u00e0 la bordure noire *\/\n            left: 2px;\n            right: 2px;\n            bottom: 2px;\n            border: 1px solid white; \/* liser\u00e9 blanc interne *\/\n            border-radius: 24px;     \/* l\u00e9g\u00e8rement moins que l\u2019ext\u00e9rieur *\/\n            pointer-events: none;\n        }\n\n        \/* Fl\u00e8che centr\u00e9e *\/\n        .cgd-big-btn-tooltip::after {\n            content: \"\";\n            position: absolute;\n            bottom: -38px; \/* juste sous la bo\u00eete *\/\n            left: 50%;\n            transform: translateX(-50%);\n            border-width: 18px;\n            border-style: solid;\n            border-color: #515151 transparent transparent transparent;\n        }\n\n        \/* Rouge *\/\n        .cgd-big-btn-tooltip .cgd-highlight-rouge {\n            background-color: red;\n            color: white;\n            font-weight: 600;\n        }\n\n        \/* Vert *\/\n        .cgd-big-btn-tooltip .cgd-highlight-vert {\n            background-color: green;\n            color: white;\n            font-weight: 600;\n        }\n\n        .cgd-big-btn-tooltip ol {\n            margin: 0;\n            padding-left: 1.2rem;\n            list-style-position: outside; \/* ou inside selon ton style *\/\n            }\n\n        .cgd-big-btn-tooltip {\n            pointer-events: none;\n        }\n\n        .cgd-big-button:hover > .cgd-big-btn-tooltip,\n        .cgd-big-btn-tooltip:hover {\n            opacity: 1;\n        }\n\n        .cgd-accueil-bas-page {        \n            position: relative;\n            display: inline-block;\n            width: 100%;\n            padding: 10px;\n            border: solid 2px black;\n            border-radius: 20px;\n        }\n        \n        .cgd-table {\n            width: 100%;\n            table-layout: fixed; \/* Colonnes de largeur \u00e9gale *\/\n            border-collapse: collapse;\n        }\n\n        .cgd-table td {\n            border: 1px solid #000;\n            padding: 10px;\n        }\n\n        .cgd-grid-5 { \/* remplace les tables pour affichage des gros boutons, 5 par ligne *\/\n            text-align: center;\n            display: grid;\n            grid-template-columns: repeat(auto-fit, minmax(150px, 1fr));\n            gap: 10px;\n        }\n\n        .cgd-grid-5 > div {\n            padding: 10px;\n        }\n\n        .cgd-flex-container { \/* pour affichage haut de p\u00e2ge visiteur, remplace la table initiale *\/\n            display: flex;\n            width: 100%;\n            gap: 20px;\n            align-items: flex-start;\n        }\n\n        \/* Colonnes fixes *\/\n        .cgd-col-left { flex: 0 0 17%; }\n        .cgd-col-icons { flex: 0 0 7%; }\n        .cgd-col-right { flex: 0 0 17%; }\n\n        \/* Colonne centrale : prend tout le reste *\/\n        .cgd-col-center { flex: 1; }\n\n        \/* Responsive *\/\n        @media (max-width: 900px) {\n            .cgd-flex-container {\n                flex-direction: column;\n            }\n            .cgd-col-left,\n            .cgd-col-icons,\n            .cgd-col-center,\n            .cgd-col-right {\n                flex: none;\n                width: 100%;\n            }\n        }\n\n\n        <\/style><span style=\"font-size: 1.2em;\">\n    <div class=\"cgd-flex-container\">\n\n        <!-- Colonne gauche -->\n        <div class=\"cgd-col cgd-col-left\">\n            <img decoding=\"async\" src=\"https:\/\/cgdauphine.fr\/wp-cgd\/wp-content\/plugins\/cgd-member-management\/images\/icone-clef-77.png\">\n            <br><br><br>\n\n            <strong>\n                <span style=\"color: green; font-size: 1.2em;\">D\u00e9j\u00e0 adh\u00e9rent ?<\/span>\n            <\/strong>\n            <br><br>\n\n            <a class=\"cgd-btn\" \n            style=\"width:150px; height:50px; color:white; background-color:green;\" \n            href=\"https:\/\/cgdauphine.fr\/wp-cgd\/connexion-profil\/\">\n                Connectez-vous<br><br>ESPACE ADH\u00c9RENTS\n            <\/a>\n        <\/div>\n\n        <!-- Colonne images -->\n        <div class=\"cgd-col cgd-col-icons\">\n            <img decoding=\"async\" src=\"https:\/\/cgdauphine.fr\/wp-cgd\/wp-content\/plugins\/cgd-member-management\/images\/blason_dauphine.png\">\n            <img decoding=\"async\" src=\"https:\/\/cgdauphine.fr\/wp-cgd\/wp-content\/plugins\/cgd-member-management\/images\/Isere-38-logo.png\">\n        <\/div>\n\n        <!-- Colonne centrale (texte) -->\n        <div class=\"cgd-col cgd-col-center\">\n            <div style=\"font-size:1.5em; text-align:center;\">\n                <strong>Vos racines ont une histoire. Nous vous aidons \u00e0 la retrouver<\/strong>\n            <\/div>\n\n            Depuis 1977, le <strong>Centre G\u00e9n\u00e9alogique du Dauphin\u00e9<\/strong> (aka <strong>CGD<\/strong>) \n            accompagne tous ceux qui souhaitent explorer leur histoire familiale.\n            <br>Gr\u00e2ce \u00e0 ses b\u00e9n\u00e9voles, ses bases de donn\u00e9es et ses formations, le CGD met \n            la <strong>g\u00e9n\u00e9alogie \u00e0 la port\u00e9e de tous, d\u00e9butants comme passionn\u00e9s<\/strong>.\n            Association sans but lucratif (loi de 1901), le CGD compte 1331 membres actifs en 2025.\n        <\/div>\n\n        <!-- Colonne droite -->\n        <div class=\"cgd-col cgd-col-right\">\n            <a href=\"https:\/\/cgdauphine.fr\/wp-cgd\/accueil\/visiteur\/qui-sommes-nous\/\" class=\"cgd-big-button\">\n    <div class=\"cgd-big-btn-inner\">\n        <img decoding=\"async\" src=\"https:\/\/cgdauphine.fr\/wp-cgd\/wp-content\/plugins\/cgd-member-management\/images\/Qui-sommes-nous-150x150.png\" class=\"cgd-big-btn-img\" alt=\"L&#039;association\" >\n        <span class=\"cgd-big-btn-title\">L&#039;association<\/span>\n    <\/div>\n    <span class=\"cgd-big-btn-tooltip\"><br><strong>Association \u00e9thique, conviviale et 100 % b\u00e9n\u00e9vole<\/strong> de passionn\u00e9s de g\u00e9n\u00e9alogie\n<ol>\n    <li>Accueil & Entraidee<\/li>\n    <li>Bases de donn\u00e9es & Recherches (>5 millions d\u2019actes is\u00e9rois)<\/li>\n    <li>Formations & Ateliers<\/li>\n    <li>Publications & Ressources<\/li>\n    <li>Pourquoi nous rejoindre ?<\/li>\n<\/ol><\/span>\n<\/a>\n        <\/div>\n\n    <\/div>\n\n<\/span>\n<h3>Services pour tous<\/h3>\n<strong>Aide et accompagnement<\/strong>, \n<strong>aessources \u00e9crites<\/strong> ()\nbiblioth\u00e8que,revues, ouvrages, g\u00e9n\u00e9alogies d'adh\u00e9rents;, \n<strong>permanences d\u00e9centralis\u00e9es<\/strong> avec rencontrer des b\u00e9n\u00e9voles.\n<br><br>            \n<div class=\"cgd-grid-5\">\n    <div><a href=\"https:\/\/cgdauphine.fr\/wp-cgd\/etat-releves-cgd\/\" class=\"cgd-big-button\">\n    <div class=\"cgd-big-btn-inner\">\n        <img decoding=\"async\" src=\"https:\/\/cgdauphine.fr\/wp-cgd\/wp-content\/plugins\/cgd-member-management\/images\/Releves-150x150.png\" class=\"cgd-big-btn-img\" alt=\"Relev\u00e9s disponibles\" >\n        <span class=\"cgd-big-btn-title\">Relev\u00e9s disponibles<\/span>\n    <\/div>\n    <span class=\"cgd-big-btn-tooltip\"><div style=\"text-align: center;\">\n    <br><span style=\"font-weight: 900;\">\n        <big>Base d'actes is\u00e9rois index\u00e9s<\/big>\n    <\/span><br><br>\n    5 268 365 documents<br>\n    2 108 930 bapt\u00eames<br>\n    1 534 373 d\u00e9c\u00e8s<br>\n    831 222 mariages<br>\n    205 749 contrats de mariage<br>\n    202 026 testaments<br>\n    364 943 tombes<br>\n    21 122 actes notariaux\n<\/div><\/span>\n<\/a><\/div>\n    <div>    <div class=\"cgd-big-button\">                                    \n        <div class=\"cgd-big-btn-inner\">\n            <img decoding=\"async\" style=\"width:150px;height:110px;\" src=\"https:\/\/cgdauphine.fr\/wp-cgd\/wp-content\/plugins\/cgd-member-management\/images\/icone-nom_dans_generic-150x110.png\">\n        <\/div>\n\n        <span class=\"cgd-big-btn-tooltip\" style=\"top:45%; min-height: 135px;\">\n            <br><img decoding=\"async\" style=\"width:50px;height:50px;\" src=\"https:\/\/cgdauphine.fr\/wp-cgd\/wp-content\/plugins\/cgd-member-management\/images\/icone-loupe.png\">\n            Vous pouvez v\u00e9rifier si les <strong>patronymes<\/strong> qui vous int\u00e9ressent sont pr\u00e9sents\n            dans la base <strong>GenEric<\/strong> du CGD\n        <\/span>\n\n            <form name=\"nom-generic\" method=\"post\" action=\"\">\n        <input type=\"hidden\" name=\"cgd_appel\" value=\"OUI\">\n\n        <span style=\"font-size: 0.9em; min-height: 135px;\">\n        <input type=\"text\" name=\"nom_a_rechercher\" size=\"20\"\n               placeholder=\"Patronyme (sans pr\u00e9nom)\">\n        <br><br>\n        <\/span>\n\n            <button type=\"submit\" class=\"cgd-btn\" style=\"height:30px; width:150px; background-color: #5c3684;\">\n                <img decoding=\"async\" style=\"width:22px;height:22px;\" src=\"https:\/\/cgdauphine.fr\/wp-cgd\/wp-content\/plugins\/cgd-member-management\/images\/icone-loupe.png\">\n                <span style=\"font-size: 1.2em;\">Rechercher<\/span>\n            <\/button>\n    <\/form>\n    <\/div>\n\n    <\/div>\n    <div><a href=\"https:\/\/cgdauphine.net\/geneaBank\/\" class=\"cgd-big-button\">\n    <div class=\"cgd-big-btn-inner\">\n        <img decoding=\"async\" src=\"https:\/\/cgdauphine.fr\/wp-cgd\/wp-content\/plugins\/cgd-member-management\/images\/logo_gbk_cgd_fond_bleu_clair_150x150.png\" class=\"cgd-big-btn-img\" alt=\"GeneaBank 38\" >\n        <span class=\"cgd-big-btn-title\">GeneaBank 38<\/span>\n    <\/div>\n    <span class=\"cgd-big-btn-tooltip\">Donn\u00e9es issues de GenEric mises \u00e0 jour septembre 2021, accessible \u00e0 tous <br>\n<span class=\"cgd-highlight-rouge\">Sous r\u00e9serve de points G\u00e9n\u00e9aBank.<\/span><br>\n<ol>\n    <li>Mariages<\/li>\n    <li>Bapt\u00eames et Naissances<\/li>\n    <li>S\u00e9pultures et d\u00e9c\u00e8s.<\/li>\n    <li>Contrats de mariage<\/li>\n    <li>Testaments<\/li>\n<\/ol>   \nPour plus d'actes (notamment notaires, photos, ...) utilisez GenEric mis \u00e0 jour en temps r\u00e9el         \n     (<span class=\"cgd-highlight-rouge\">r\u00e9serv\u00e9 aux adh\u00e9rents<\/span>)<br><\/span>\n<\/a><\/div>\n    <div><a href=\"https:\/\/cgdauphine.fr\/wp-cgd\/evenements\/groupes\/\" class=\"cgd-big-button\">\n    <div class=\"cgd-big-btn-inner\">\n        <img decoding=\"async\" src=\"https:\/\/cgdauphine.fr\/wp-cgd\/wp-content\/plugins\/cgd-member-management\/images\/Groupes_isere_600px.png\" class=\"cgd-big-btn-img\" alt=\"Groupes locaux\" >\n        <span class=\"cgd-big-btn-title\">Groupes locaux<\/span>\n    <\/div>\n    <span class=\"cgd-big-btn-tooltip\">    <br><strong>Permanences r\u00e9guli\u00e8res<\/strong> au si\u00e8ge de Grenoble et dans l\u2019un des 12 groupes (en Is\u00e8re et en r\u00e9gion parisienne),<br><br>\n        <ol>\n            <li>Conseils pour d\u00e9buter sa g\u00e9n\u00e9alogie,<\/li>\n            <li>Aide ponctuelle pour avancer dans une recherche,<\/li>\n            <li>Orientation vers les bonnes sources (archives, outils, m\u00e9thodes).<\/li>\n        <\/ol><\/span>\n<\/a><\/div>\n    <div><a href=\"https:\/\/cgdauphine.fr\/wp-cgd\/entraide\/\" class=\"cgd-big-button\">\n    <div class=\"cgd-big-btn-inner\">\n        <img decoding=\"async\" src=\"https:\/\/cgdauphine.fr\/wp-cgd\/wp-content\/plugins\/cgd-member-management\/images\/icone-entraide-150x150.png\" class=\"cgd-big-btn-img\" alt=\"Entraide\" >\n        <span class=\"cgd-big-btn-title\">Entraide<\/span>\n    <\/div>\n    <span class=\"cgd-big-btn-tooltip\"><br><strong>Des b\u00e9n\u00e9voles<\/strong> peuvent vous <strong>aider dans vos recherches<\/strong> ou <strong>photographier<\/strong> des actes aux archives d\u00e9partementales\u2026<br>\n<br>\n<ol>\n    <li>Maximum 2 demandes par mois.<\/li>\n    <li>Nouvelle recherche apr\u00e8s \u00e9sultat de la pr\u00e9c\u00e9dente demande.<\/li>\n    <li>Temps d\u2019attente variable (+ 5 semaines hors vacances scolaires).\n    <li>Service <span class=\"cgd-highlight-vert\">y compris aux non adh\u00e9rents<\/span> .<\/li>\n<\/ol><\/span>\n<\/a><\/div>\n<\/div>\n\n<h3>Services n\u00e9cessitant une adh\u00e9sion<\/h3>\n<strong>Acc\u00e8s complet \u00e0 la base GenEric<\/strong> (BMS\/NMD, notaires, cimeti\u00e8res, photos...), \n<strong>Formations<\/strong> et \n<strong>Archives<\/strong>\n<br><br>     \n<div class=\"cgd-grid-5\">\n    <div><a href=\"\" class=\"cgd-big-button cgd-big-button-fleche\">\n    <span class=\"cgd-big-btn-inner\">\n        <img decoding=\"async\" src=\"https:\/\/cgdauphine.fr\/wp-cgd\/wp-content\/plugins\/cgd-member-management\/images\/Services%20numeriques-150x150.png\" class=\"cgd-big-btn-img\" alt=\"Relev\u00e9s en ligne\" >\n        <span class=\"cgd-big-btn-title\">Relev\u00e9s en ligne<\/span>\n    <\/span>\n    <span class=\"cgd-big-btn-tooltip\"><strong>GenEric<\/strong>bases de donn\u00e9es du CGD : \n<br><br>\n<ol>\n    <li><strong>actes index\u00e9s<\/strong> (registres paroissiaux BMS et \u00e9tat-civil NMDn, mariages, testaments, notaires, cimeti\u00e8res, ...) <\/li>\n    <li><strong>photos<\/strong>.<\/li>\n<\/ol>\n<strong>Ressources historiques<\/strong><br>\n<strong>Ressources g\u00e9n\u00e9alogiques<\/strong><\/span>\n<\/a><\/div>\n    <div><a href=\"\" class=\"cgd-big-button cgd-big-button-fleche\">\n    <span class=\"cgd-big-btn-inner\">\n        <img decoding=\"async\" src=\"https:\/\/cgdauphine.fr\/wp-cgd\/wp-content\/plugins\/cgd-member-management\/images\/Services-formations-150x150.png\" class=\"cgd-big-btn-img\" alt=\"Formations, aides\" >\n        <span class=\"cgd-big-btn-title\">Formations, aides<\/span>\n    <\/span>\n    <span class=\"cgd-big-btn-tooltip\"><strong>Formations, conseils, partage<\/strong><br>(en pr\u00e9senciel et vid\u00e9o)<br><br>\n<ol>\n    <li>Initiation \u00e0 la g\u00e9n\u00e9alogie<\/li>\n    <li>Ateliers de pal\u00e9ographie<\/li>\n    <li>Formation aux outils informatiques<\/li>\n    <li>Vid\u00e9os de formation<\/li>\n    <li>Contacts entre adh\u00e9rents<\/li>\n    <li>Entraide, recherches, photos, \u2026<\/li>\n    <li>Aides g\u00e9n\u00e9alogiques & liens utiles<\/li>\n<\/ol><\/span>\n<\/a><\/div>\n    <div><a href=\"\" class=\"cgd-big-button cgd-big-button-fleche\">\n    <span class=\"cgd-big-btn-inner\">\n        <img decoding=\"async\" src=\"https:\/\/cgdauphine.fr\/wp-cgd\/wp-content\/plugins\/cgd-member-management\/images\/Services-publications-150x150.png\" class=\"cgd-big-btn-img\" alt=\"Documentation\" >\n        <span class=\"cgd-big-btn-title\">Documentation<\/span>\n    <\/span>\n    <span class=\"cgd-big-btn-tooltip\"><strong>Documents<\/strong> disponibles au si\u00e8ges et dans certains groupes locaux<br><bt>\n<ol>\n    <li>Relev\u00e9s \u201cpapier\u201d (avant 202X).<\/li>         \n    <li>Biblioth\u00e8que g\u00e9n\u00e9alogique et historique.<\/li>  \n    <li>Revues, ouvrages, dossiers th\u00e9matiques.<\/li>  \n    <li>G\u00e9n\u00e9alogies d\u00e9pos\u00e9es par des adh\u00e9rents.<\/li>  \n    <li>Revues d\u2019autres associations.<\/li>  \n    <li>G\u00e9n\u00e9alogies ascendantes d\u2019adh\u00e9rents<\/li>  \n<\/ol><\/span>\n<\/a><\/div>\n    <div><a href=\"\" class=\"cgd-big-button cgd-big-button-fleche\">\n    <span class=\"cgd-big-btn-inner\">\n        <img decoding=\"async\" src=\"https:\/\/cgdauphine.fr\/wp-cgd\/wp-content\/plugins\/cgd-member-management\/images\/Archives-CGD-150x150.png\" class=\"cgd-big-btn-img\" alt=\"Archives CGD\" >\n        <span class=\"cgd-big-btn-title\">Archives CGD<\/span>\n    <\/span>\n    <span class=\"cgd-big-btn-tooltip\"><strong>Ev\u00e8nements, doculents & photos<\/strong><br><br>\n<ol>\n    <li><strong>Assembl\u00e9es G\u00e9n\u00e9rales<\/strong><\/li>\n    <li><strong>Journ\u00e9es diverses<\/strong> (du patrimoine, forums, salons)<\/li>\n    <li><strong>Bulletins<\/strong><\/li>\n    <li><strong>Actualit\u00e9s<\/strong> g\u00e9n\u00e9rales et des groupes locaux<\/li>\n    <li><strong>Ancienne gouvernancen<\/strong> (naissance du CGD, CA, pr\u00e9sidents)<\/li>\n    <li>Historique de l'<strong>informatique au CGD<\/strong><\/li>\n<\/ol><\/span>\n<\/a><\/div>\n    <div><a href=\"https:\/\/cgdauphine.fr\/wp-cgd\/nous-contacter\/renouvellement-dadhesion\/\" class=\"cgd-big-button\">\n    <div class=\"cgd-big-btn-inner\">\n        <img decoding=\"async\" src=\"https:\/\/cgdauphine.fr\/wp-cgd\/wp-content\/plugins\/cgd-member-management\/images\/devenir-adherent-150x150.png\" class=\"cgd-big-btn-img\" alt=\"Nous rejoindre\" >\n        <span class=\"cgd-big-btn-title\">Nous rejoindre<\/span>\n    <\/div>\n    \n<\/a><\/div>\n<\/div>\n            <table widt=100%><tbody>\n        <tr>\n            <td width=67%>\n                <h3>Actualit\u00e9s<\/h3>\n                <div class=\"cgd-accueil-bas-page\">\n                    <iframe loading=\"lazy\" title=\"Actualit\u00e9s\" height=\"220\" width=\"100%\" src=\"https:\/\/cgdauphine.fr\/wp-cgd\/evenements\/articles\/actualites-pour-generic?ancre=\"OK\"><\/iframe>\n                <\/div>\n            <\/td>\n            <td width=33%>\n                <h3>Calendrier<\/h3>\n                <img decoding=\"async\" src=\"https:\/\/cgdauphine.fr\/wp-cgd\/wp-content\/plugins\/cgd-member-management\/images\/icone-information-bleu.png\"> <img decoding=\"async\" src=\"https:\/\/cgdauphine.fr\/wp-cgd\/wp-content\/plugins\/cgd-member-management\/images\/icone-information-vert.png\"> <img decoding=\"async\" src=\"https:\/\/cgdauphine.fr\/wp-cgd\/wp-content\/plugins\/cgd-member-management\/images\/icone-information-rouge.png\">\n                Cliquer sur l'une de ces ic\u00f4nes pour plus d'informations sur l'\u00e9v\u00e8nement.\n                <br><br>\n                <div class=\"cgd-accueil-bas-page\">\n                    <iframe loading=\"lazy\" title=\"Actualit\u00e9s\" height=\"160\" width=\"100%\" src=\"https:\/\/cgdauphine.fr\/wp-cgd\/a2cueil\/totalite-calendrier\/\"><\/iframe>\n                <\/div>\n            <\/td>\n        <\/tr>\n    <\/tbody><\/table>  \t\t<div class=\"elementor-shortcode\">[<\/div>\n\t\t\t\t<\/div>\n\t\t\t\t<\/div>\n\t\t\t\t\t\t<\/div>\n\t\t\t\t\t<\/div>\n\t\t<\/div>\n\t\t\t\t\t\t\t\t<\/div>\n\t\t\t\t\t<\/div>\n\t\t<\/section>\n\t\t\t\t\t\t\t\t\t<\/div>\n\t\t\t<\/div>\n\t\t\t\t\t<\/div>\n\t\t","protected":false},"excerpt":{"rendered":"<p>[<\/p>\n","protected":false},"author":1,"featured_media":0,"parent":0,"menu_order":0,"comment_status":"closed","ping_status":"closed","template":"tpl-full-width.php","meta":[],"_links":{"self":[{"href":"https:\/\/cgdauphine.fr\/wp-cgd\/wp-json\/wp\/v2\/pages\/23"}],"collection":[{"href":"https:\/\/cgdauphine.fr\/wp-cgd\/wp-json\/wp\/v2\/pages"}],"about":[{"href":"https:\/\/cgdauphine.fr\/wp-cgd\/wp-json\/wp\/v2\/types\/page"}],"author":[{"embeddable":true,"href":"https:\/\/cgdauphine.fr\/wp-cgd\/wp-json\/wp\/v2\/users\/1"}],"replies":[{"embeddable":true,"href":"https:\/\/cgdauphine.fr\/wp-cgd\/wp-json\/wp\/v2\/comments?post=23"}],"version-history":[{"count":156,"href":"https:\/\/cgdauphine.fr\/wp-cgd\/wp-json\/wp\/v2\/pages\/23\/revisions"}],"predecessor-version":[{"id":29179,"href":"https:\/\/cgdauphine.fr\/wp-cgd\/wp-json\/wp\/v2\/pages\/23\/revisions\/29179"}],"wp:attachment":[{"href":"https:\/\/cgdauphine.fr\/wp-cgd\/wp-json\/wp\/v2\/media?parent=23"}],"curies":[{"name":"wp","href":"https:\/\/api.w.org\/{rel}","templated":true}]}}