 {"id":215,"date":"2018-07-07T07:53:50","date_gmt":"2018-07-07T05:53:50","guid":{"rendered":"http:\/\/cgdauphine.fr\/wp-cgd\/?page_id=215"},"modified":"2024-06-19T14:54:32","modified_gmt":"2024-06-19T12:54:32","slug":"formations","status":"publish","type":"page","link":"https:\/\/cgdauphine.fr\/wp-cgd\/services\/formations\/","title":{"rendered":"Formations &#038; conseils"},"content":{"rendered":"<div class=\"members-access-error\"><img src=\"https:\/\/cgdauphine.fr\/wp-cgd\/wp-content\/plugins\/cgd-member-management\/\/images\/interdit-membre-50x50.png\"><big><strong>D\u00e9sol\u00e9, l'acc\u00e8s \u00e0 cette page est r\u00e9serv\u00e9 aux personnes autoris\u00e9es.<\/strong><\/big><br>Veuillez vous connecter (<a href=\"https:\/\/cgdauphine.fr\/wp-cgd\/connexion-profil\">Connexion<\/a>)<\/div>\n","protected":false},"excerpt":{"rendered":"<div class=\"members-access-error\"><img src=\"https:\/\/cgdauphine.fr\/wp-cgd\/wp-content\/plugins\/cgd-member-management\/\/images\/interdit-membre-50x50.png\"><big><strong>D\u00e9sol\u00e9, l'acc\u00e8s \u00e0 cette page est r\u00e9serv\u00e9 aux personnes autoris\u00e9es.<\/strong><\/big><br>Veuillez vous connecter (<a href=\"https:\/\/cgdauphine.fr\/wp-cgd\/connexion-profil\">Connexion<\/a>)<\/div>\n","protected":false},"author":1,"featured_media":0,"parent":205,"menu_order":0,"comment_status":"closed","ping_status":"closed","template":"tpl-full-width.php","meta":[],"_links":{"self":[{"href":"https:\/\/cgdauphine.fr\/wp-cgd\/wp-json\/wp\/v2\/pages\/215"}],"collection":[{"href":"https:\/\/cgdauphine.fr\/wp-cgd\/wp-json\/wp\/v2\/pages"}],"about":[{"href":"https:\/\/cgdauphine.fr\/wp-cgd\/wp-json\/wp\/v2\/types\/page"}],"author":[{"embeddable":true,"href":"https:\/\/cgdauphine.fr\/wp-cgd\/wp-json\/wp\/v2\/users\/1"}],"replies":[{"embeddable":true,"href":"https:\/\/cgdauphine.fr\/wp-cgd\/wp-json\/wp\/v2\/comments?post=215"}],"version-history":[{"count":15,"href":"https:\/\/cgdauphine.fr\/wp-cgd\/wp-json\/wp\/v2\/pages\/215\/revisions"}],"predecessor-version":[{"id":24081,"href":"https:\/\/cgdauphine.fr\/wp-cgd\/wp-json\/wp\/v2\/pages\/215\/revisions\/24081"}],"up":[{"embeddable":true,"href":"https:\/\/cgdauphine.fr\/wp-cgd\/wp-json\/wp\/v2\/pages\/205"}],"wp:attachment":[{"href":"https:\/\/cgdauphine.fr\/wp-cgd\/wp-json\/wp\/v2\/media?parent=215"}],"curies":[{"name":"wp","href":"https:\/\/api.w.org\/{rel}","templated":true}]}}