 {"id":205,"date":"2018-07-07T07:50:41","date_gmt":"2018-07-07T05:50:41","guid":{"rendered":"http:\/\/cgdauphine.fr\/wp-cgd\/?page_id=205"},"modified":"2026-01-30T10:12:52","modified_gmt":"2026-01-30T09:12:52","slug":"services","status":"publish","type":"page","link":"https:\/\/cgdauphine.fr\/wp-cgd\/services\/","title":{"rendered":"Services"},"content":{"rendered":"<div class=\"members-access-error\"><img src=\"https:\/\/cgdauphine.fr\/wp-cgd\/wp-content\/plugins\/cgd-member-management\/\/images\/interdit-membre-50x50.png\"><big><strong>D\u00e9sol\u00e9, l'acc\u00e8s \u00e0 cette page est r\u00e9serv\u00e9 aux personnes autoris\u00e9es.<\/strong><\/big><br>Veuillez vous connecter (<a href=\"https:\/\/cgdauphine.fr\/wp-cgd\/connexion-profil\">Connexion<\/a>)<\/div>\n","protected":false},"excerpt":{"rendered":"<div class=\"members-access-error\"><img src=\"https:\/\/cgdauphine.fr\/wp-cgd\/wp-content\/plugins\/cgd-member-management\/\/images\/interdit-membre-50x50.png\"><big><strong>D\u00e9sol\u00e9, l'acc\u00e8s \u00e0 cette page est r\u00e9serv\u00e9 aux personnes autoris\u00e9es.<\/strong><\/big><br>Veuillez vous connecter (<a href=\"https:\/\/cgdauphine.fr\/wp-cgd\/connexion-profil\">Connexion<\/a>)<\/div>\n","protected":false},"author":1,"featured_media":0,"parent":0,"menu_order":0,"comment_status":"closed","ping_status":"closed","template":"tpl-full-width.php","meta":[],"_links":{"self":[{"href":"https:\/\/cgdauphine.fr\/wp-cgd\/wp-json\/wp\/v2\/pages\/205"}],"collection":[{"href":"https:\/\/cgdauphine.fr\/wp-cgd\/wp-json\/wp\/v2\/pages"}],"about":[{"href":"https:\/\/cgdauphine.fr\/wp-cgd\/wp-json\/wp\/v2\/types\/page"}],"author":[{"embeddable":true,"href":"https:\/\/cgdauphine.fr\/wp-cgd\/wp-json\/wp\/v2\/users\/1"}],"replies":[{"embeddable":true,"href":"https:\/\/cgdauphine.fr\/wp-cgd\/wp-json\/wp\/v2\/comments?post=205"}],"version-history":[{"count":112,"href":"https:\/\/cgdauphine.fr\/wp-cgd\/wp-json\/wp\/v2\/pages\/205\/revisions"}],"predecessor-version":[{"id":28350,"href":"https:\/\/cgdauphine.fr\/wp-cgd\/wp-json\/wp\/v2\/pages\/205\/revisions\/28350"}],"wp:attachment":[{"href":"https:\/\/cgdauphine.fr\/wp-cgd\/wp-json\/wp\/v2\/media?parent=205"}],"curies":[{"name":"wp","href":"https:\/\/api.w.org\/{rel}","templated":true}]}}