 {"id":197,"date":"2018-07-07T07:44:15","date_gmt":"2018-07-07T05:44:15","guid":{"rendered":"http:\/\/cgdauphine.fr\/wp-cgd\/?page_id=197"},"modified":"2026-03-22T07:46:44","modified_gmt":"2026-03-22T06:46:44","slug":"groupes","status":"publish","type":"page","link":"https:\/\/cgdauphine.fr\/wp-cgd\/evenements\/groupes\/","title":{"rendered":"Groupes locaux et si\u00e8ge"},"content":{"rendered":"\t\t<div data-elementor-type=\"wp-post\" data-elementor-id=\"197\" class=\"elementor elementor-197\">\n\t\t\t\t\t\t<div class=\"elementor-inner\">\n\t\t\t\t<div class=\"elementor-section-wrap\">\n\t\t\t\t\t\t\t\t\t<section class=\"elementor-section elementor-top-section elementor-element elementor-element-d53bdec elementor-section-boxed elementor-section-height-default elementor-section-height-default\" data-id=\"d53bdec\" data-element_type=\"section\">\n\t\t\t\t\t\t<div class=\"elementor-container elementor-column-gap-default\">\n\t\t\t\t\t\t\t<div class=\"elementor-row\">\n\t\t\t\t\t<div class=\"elementor-column elementor-col-66 elementor-top-column elementor-element elementor-element-e89a80e\" data-id=\"e89a80e\" data-element_type=\"column\">\n\t\t\t<div class=\"elementor-column-wrap elementor-element-populated\">\n\t\t\t\t\t\t\t<div class=\"elementor-widget-wrap\">\n\t\t\t\t\t\t<div class=\"elementor-element elementor-element-4a438b1 elementor-widget elementor-widget-text-editor\" data-id=\"4a438b1\" data-element_type=\"widget\" data-widget_type=\"text-editor.default\">\n\t\t\t\t<div class=\"elementor-widget-container\">\n\t\t\t\t\t\t\t\t<div class=\"elementor-text-editor elementor-clearfix\">\n\t\t\t\t<p>Renseignements, conseils, formations, conf\u00e9rences, recherches dans nos relev\u00e9s d&#8217;actes ou \u00e9changes entre membres ont lieu r\u00e9guli\u00e8rement tant au si\u00e8ge de Grenoble que dans l&#8217;un des <strong>14<\/strong> groupes locaux r\u00e9partis dans le d\u00e9partement de l&#8217;Is\u00e8re que dans une antenne pour Paris et la r\u00e9gion parisienne.<\/p>\t\t\t\t\t<\/div>\n\t\t\t\t\t\t<\/div>\n\t\t\t\t<\/div>\n\t\t\t\t<section class=\"elementor-section elementor-inner-section elementor-element elementor-element-00addfe elementor-section-boxed elementor-section-height-default elementor-section-height-default\" data-id=\"00addfe\" data-element_type=\"section\">\n\t\t\t\t\t\t<div class=\"elementor-container elementor-column-gap-default\">\n\t\t\t\t\t\t\t<div class=\"elementor-row\">\n\t\t\t\t\t<div class=\"elementor-column elementor-col-50 elementor-inner-column elementor-element elementor-element-57d2585\" data-id=\"57d2585\" data-element_type=\"column\">\n\t\t\t<div class=\"elementor-column-wrap elementor-element-populated\">\n\t\t\t\t\t\t\t<div class=\"elementor-widget-wrap\">\n\t\t\t\t\t\t<div class=\"elementor-element elementor-element-0aef079 elementor-widget elementor-widget-image\" data-id=\"0aef079\" data-element_type=\"widget\" data-widget_type=\"image.default\">\n\t\t\t\t<div class=\"elementor-widget-container\">\n\t\t\t\t\t\t\t\t<div class=\"elementor-image\">\n\t\t\t\t\t\t\t\t\t\t\t\t\t<a href=\"https:\/\/cgdauphine.fr\/wp-cgd\/articles-publies-pour-lensemble-des-groupes-locaux\/\">\n\t\t\t\t\t\t\t<img decoding=\"async\" width=\"500\" height=\"300\" src=\"https:\/\/cgdauphine.fr\/wp-cgd\/wp-content\/uploads\/2025\/02\/nouvelles-des-groupes.png\" class=\"attachment-large size-large wp-image-26338\" alt=\"\" loading=\"lazy\" srcset=\"https:\/\/cgdauphine.fr\/wp-cgd\/wp-content\/uploads\/2025\/02\/nouvelles-des-groupes.png 500w, https:\/\/cgdauphine.fr\/wp-cgd\/wp-content\/uploads\/2025\/02\/nouvelles-des-groupes-300x180.png 300w\" sizes=\"(max-width: 500px) 100vw, 500px\" \/>\t\t\t\t\t\t\t\t<\/a>\n\t\t\t\t\t\t\t\t\t\t\t\t\t\t<\/div>\n\t\t\t\t\t\t<\/div>\n\t\t\t\t<\/div>\n\t\t\t\t\t\t<\/div>\n\t\t\t\t\t<\/div>\n\t\t<\/div>\n\t\t\t\t<div class=\"elementor-column elementor-col-50 elementor-inner-column elementor-element elementor-element-2be5596\" data-id=\"2be5596\" data-element_type=\"column\">\n\t\t\t<div class=\"elementor-column-wrap elementor-element-populated\">\n\t\t\t\t\t\t\t<div class=\"elementor-widget-wrap\">\n\t\t\t\t\t\t<div class=\"elementor-element elementor-element-7c8cb85 elementor-widget elementor-widget-text-editor\" data-id=\"7c8cb85\" data-element_type=\"widget\" data-widget_type=\"text-editor.default\">\n\t\t\t\t<div class=\"elementor-widget-container\">\n\t\t\t\t\t\t\t\t<div class=\"elementor-text-editor elementor-clearfix\">\n\t\t\t\tPour voir les articles et nouvelles des groupres des 6 derniers mois, <big><a href=\"https:\/\/cgdauphine.fr\/wp-cgd\/articles-publies-pour-lensemble-des-groupes-locaux\/\"><span style=\"color: #ff0000;\">cliquez ICI ou sur l&#8217;ic\u00f4ne \u00e0 gauche<\/span>.<\/a><\/big>\t\t\t\t\t<\/div>\n\t\t\t\t\t\t<\/div>\n\t\t\t\t<\/div>\n\t\t\t\t\t\t<\/div>\n\t\t\t\t\t<\/div>\n\t\t<\/div>\n\t\t\t\t\t\t\t\t<\/div>\n\t\t\t\t\t<\/div>\n\t\t<\/section>\n\t\t\t\t<div class=\"elementor-element elementor-element-6959497 elementor-widget elementor-widget-html\" data-id=\"6959497\" data-element_type=\"widget\" data-widget_type=\"html.default\">\n\t\t\t\t<div class=\"elementor-widget-container\">\n\t\t\t<!-- Code pour les widgets des pages de groupes -->\n\n<big><big><big>\nSi\u00e8ge du CGD\n<\/big><\/big><\/big><br>\n\n<table style=\"width:100%\">\n<tbody>\n<tr>\n    <td>&nbsp;<\/td>\n    <td> <a href=\"siege-grenoble\">Si\u00e8ge de Grenoble<\/a><br><\/td>\n    <td> &nbsp;<\/td>\n<\/tr>\n<\/tbody><\/table>\n\n\n<big><big><big>\nGroupes du CGD\n<\/big><\/big><\/big><br>\n\n<table style=\"width:100%\">\n<tbody>\n\n<tr>\n    <td width=\"5%\"><\/td>\n    <td width=\"55%\"><\/td>\n    <td width=\"25%\"><\/td>\n<\/tr>\n\n<tr>\n    <td>&nbsp;<\/td>\n    <td><a href=\"antenne-parisienne\">Antenne parisienne<\/a><br><\/td>\n    <td> &nbsp;depuis 1993<\/td>\n<\/tr>\n\n<tr>\n    <td>&nbsp;<\/td>\n    <td> <a href=\"groupe-bievre-valloire\">Bi\u00e8vre-Valloire<\/a><br><\/td>\n    <td> &nbsp;depuis 2002<\/td>\n<\/tr>\n\n<tr>\n    <td>&nbsp;<\/td>\n    <td> <a href=\"groupe-boucle-du-rhone\">Boucle du Rh\u00f4ne<\/a><br><\/td>\n    <td> &nbsp;depuis 2018<\/td>\n<\/tr>\n\n<tr>\n    <td>&nbsp;<\/td>\n    <td> <a href=\"groupe-haut-gresivaudan\">Haut Gr\u00e9sivaudan<\/a><br><\/td>\n    <td> &nbsp;depuis 1996<\/td>\n<\/tr>\n\n<tr>\n    <td>&nbsp;<\/td>\n    <td> <a href=\"groupe-les-avenieres-veyrins\">Les Aveni\u00e8res-Veyrins<\/a><br><\/td>\n    <td> &nbsp;depuis 1991<\/td>\n<\/tr>\n\n<tr>\n    <td>&nbsp;<\/td>\n    <td> <a href=\"groupe-moirans\">Moirans<\/a><br><\/td>\n    <td> &nbsp;depuis 2013<\/td>\n<\/tr>\n\n<tr>\n    <td>&nbsp;<\/td>\n    <td><a href=\"groupe-saint-chef\">Saint-Chef<\/a><br><\/td>\n    <td> &nbsp;depuis 1998<\/td>\n<\/tr>\n\n<tr>\n    <td>&nbsp;<\/td>\n    <td><a href=\"groupe-saint-marcellin\">Saint-Marcellin<\/a><br><\/td>\n    <td> &nbsp;depuis 2005<\/td>\n<\/tr>\n\n<tr>\n    <td>&nbsp;<\/td>\n    <td><a href=\"groupe-terres-froides\">Terres Froides<\/a><br><\/td>\n    <td> &nbsp;depuis 1989<\/td>\n<\/tr>\n\n<tr>\n    <td>&nbsp;<\/td>\n    <td><a href=\"groupe-toutes-aures\">Toutes Aures<\/a><br><\/td>\n    <td> &nbsp;depuis 2022<\/td>\n<\/tr>\n\n<tr>\n    <td>&nbsp;<\/td>\n    <td><a href=\"groupe-trieves\">Tri\u00e8ves<\/a><br><\/td>\n    <td> &nbsp;depuis 1998<\/td>\n<\/tr>\n\n<tr>\n    <td>&nbsp;<\/td>\n    <td><a href=\"groupe-vallee-de-la-bourbre\">Vall\u00e9e de la Bourbre<\/a><br><\/td>\n    <td> &nbsp;depuis 2026<\/td>\n<\/tr>\n\n<tr>\n    <td>&nbsp;<\/td>\n    <td><a href=\"groupe-itinerant\">Groupe itin\u00e9rant<\/a><br><\/td>\n    <td> &nbsp;depuis 2011<\/td>\n<\/tr>\n\n<\/tbody>\n<\/table>\t\t<\/div>\n\t\t\t\t<\/div>\n\t\t\t\t\t\t<\/div>\n\t\t\t\t\t<\/div>\n\t\t<\/div>\n\t\t\t\t<div class=\"elementor-column elementor-col-33 elementor-top-column elementor-element elementor-element-2d4865e\" data-id=\"2d4865e\" data-element_type=\"column\">\n\t\t\t<div class=\"elementor-column-wrap elementor-element-populated\">\n\t\t\t\t\t\t\t<div class=\"elementor-widget-wrap\">\n\t\t\t\t\t\t<div class=\"elementor-element elementor-element-203124d elementor-widget elementor-widget-text-editor\" data-id=\"203124d\" data-element_type=\"widget\" data-widget_type=\"text-editor.default\">\n\t\t\t\t<div class=\"elementor-widget-container\">\n\t\t\t\t\t\t\t\t<div class=\"elementor-text-editor elementor-clearfix\">\n\t\t\t\t<p>Chacun de ces groupe est d\u00e9fini dans une <span style=\"color: #ff0000;\"><strong>page d\u00e9di\u00e9e consultable en cliquant sur la carte interactive<\/strong><\/span>. Vous y trouverez notamment les coordonn\u00e9es, le calendrier des r\u00e9unions, des informations sur les activit\u00e9s et les moyens de joindre les organisateurs.<\/p>\t\t\t\t\t<\/div>\n\t\t\t\t\t\t<\/div>\n\t\t\t\t<\/div>\n\t\t\t\t<div class=\"elementor-element elementor-element-09fb372 elementor-widget elementor-widget-html\" data-id=\"09fb372\" data-element_type=\"widget\" data-widget_type=\"html.default\">\n\t\t\t\t<div class=\"elementor-widget-container\">\n\t\t\t<!-- Code pour carte de l'Is\u00e8re interactive de la page de groupes -->\n\n<img loading=\"lazy\" decoding=\"async\" usemap=\"#isere_map\" src=\"https:\/\/cgdauphine.fr\/wp-cgd\/wp-content\/plugins\/cgd-member-management\/images\/Groupes_isere_600px.png\" width=\"600\" height=\"600\">\n<map name=\"isere_map\">\n    <area\n        shape=\"rect\" \n        coords=\"338,313,558,362\"\n        href=\"siege-grenoble\/\" alt=\"Si\u00e8ge du CGD\"\n        title=\"Voir page : &laquo;&nbsp;Si\u00e8ge du CGD&nbsp;&raquo;\"\n    \/>\n    <area\n        shape=\"rect\" \n        coords=\"12,4,247,57\"\n        href=\"groupe-boucle-du-rhone\/\" alt=\"Boucle du Rh\u00f4ne\"\n        title=\"Voir page du groupe : &laquo;&nbsp;Boucle du Rh\u00f4ne&nbsp;&raquo;\"\n    \/>\n    <area\n        shape=\"rect\" \n        coords=\"1932713222\"\n        href=\"groupe-bievre-valloire\/\" alt=\"Bi\u00e8vre-valloire\"\n        title=\"Voir page du groupe : &laquo;&nbsp;Bi\u00e8vres-Valloire&nbsp;&raquo;\"\n    \/>\n    <area\n        shape=\"rect\" \n        coords=\"370,250,592,300\"\n        href=\"groupe-haut-gresivaudan\/\" alt=\"Haut Gr\u00e9sivaudan\"\n        title=\"Voir page du groupe : &laquo;&nbsp;Haut Gr\u00e9sivaudan&nbsp;&raquo;\"\n    \/>\n    <area\n        shape=\"rect\" \n        coords=\"261,90,542,139\"\n        href=\"groupe-les-avenieres-veyrins\/\" alt=\"Aveni\u00e8res-Veyrins\"\n        title=\"Voir page du groupe : &laquo;&nbsp;Les Aveni\u00e8res-Veyrins&nbsp;&raquo;\"\n    \/>\n    <area\n        shape=\"rect\" \n        coords=\"191,228,318,276\"\n        href=\"groupe-moirans\/\" alt=\"Moirans\"\n        title=\"Voir page du groupe : &laquo;&nbsp;Moirans&nbsp;&raquo;\"\n    \/>\n    <area\n        shape=\"rect\" \n        coords=\"31,425,255,474\"\n        href=\"antenne-parisienne\/\" alt=\"Antenne Parisienne\"\n        title=\"Voir page de l'Antenne Parisienne&nbsp;&raquo;\"\n    \/>\n    <area\n        shape=\"rect\" \n        coords=\"88,101,244,150\"\n        href=\"groupe-saint-chef\/\" alt=\"Saint-Chef\"\n        title=\"Voir page du groupe : &laquo;&nbsp;Saint-Chef&nbsp;&raquo;\"\n    \/>\n    <area\n        shape=\"rect\" \n        coords=\"54,333,251,382\"\n        href=\"groupe-saint-marcellin\/\" alt=\"Saint-Marcellin\"\n        title=\"Voir page du groupe : &laquo;&nbsp;Saint-Marcellin&nbsp;&raquo;\"\n    \/>\n    <area\n        shape=\"rect\" \n        coords=\"273,469,392,519\"\n        href=\"groupe-trieves\/\" alt=\"Tri\u00e8ves\"\n        title=\"Voir page du groupe : &laquo;&nbsp;Tri\u00e8ves&nbsp;&raquo;\"\n    \/>\n    <area\n        shape=\"rect\" \n        coords=\"451,226,255,176\"\n        href=\"groupe-terres-froides\/\" alt=\"Terres Froides\"\n        title=\"Voir page du groupe : &laquo;&nbsp;Terres Froides&nbsp;&raquo;\"\n    \/>\n    <area\n        shape=\"rect\" \n        coords=\"255,223,2,171\"\n        href=\"groupe-vallee-de-la-bourbre\/\" alt=\"Vall\u00e9e Bourbre\"\n        title=\"Voir page du groupe : &laquo;&nbsp;Vall\u00e9e Bourbre&nbsp;&raquo;\"\n    \/>\n    <area\n        shape=\"rect\" \n        coords=\"354,329,164,280\"\n        href=\"groupe-toutes-aures\/\" alt=\"Toutes Aures\"\n        title=\"Voir page du groupe : &laquo;&nbsp;Toutes Aures&nbsp;&raquo;\"\n    \/>\n    <area\n        shape=\"rect\" \n        coords=\"318,16,508,65\"\n        href=\"groupe-itinerant\/\" alt=\"Groupr itin\u00e9rant\"\n        title=\"Voir page du groupe : &laquo;&nbsp;itin\u00e9rant&nbsp;&raquo;\"\n    \/>\n<\/map>\n<br>\n<h3 style=\"text-align:right\"><big>&#x1F449; Carte des groupes locaux actuels du CGD<\/big><\/h3>\t\t<\/div>\n\t\t\t\t<\/div>\n\t\t\t\t\t\t<\/div>\n\t\t\t\t\t<\/div>\n\t\t<\/div>\n\t\t\t\t\t\t\t\t<\/div>\n\t\t\t\t\t<\/div>\n\t\t<\/section>\n\t\t\t\t<section class=\"elementor-section elementor-top-section elementor-element elementor-element-a4e9536 elementor-section-boxed elementor-section-height-default elementor-section-height-default\" data-id=\"a4e9536\" data-element_type=\"section\">\n\t\t\t\t\t\t<div class=\"elementor-container elementor-column-gap-default\">\n\t\t\t\t\t\t\t<div class=\"elementor-row\">\n\t\t\t\t\t<div class=\"elementor-column elementor-col-100 elementor-top-column elementor-element elementor-element-5ff9142\" data-id=\"5ff9142\" data-element_type=\"column\">\n\t\t\t<div class=\"elementor-column-wrap elementor-element-populated\">\n\t\t\t\t\t\t\t<div class=\"elementor-widget-wrap\">\n\t\t\t\t\t\t<div class=\"elementor-element elementor-element-9c99566 elementor-widget elementor-widget-heading\" data-id=\"9c99566\" data-element_type=\"widget\" data-widget_type=\"heading.default\">\n\t\t\t\t<div class=\"elementor-widget-container\">\n\t\t\t<h2 class=\"elementor-heading-title elementor-size-default\"><h3>Anciens groupes locaux<\/h3><\/h2>\t\t<\/div>\n\t\t\t\t<\/div>\n\t\t\t\t<div class=\"elementor-element elementor-element-03bc081 elementor-widget elementor-widget-text-editor\" data-id=\"03bc081\" data-element_type=\"widget\" data-widget_type=\"text-editor.default\">\n\t\t\t\t<div class=\"elementor-widget-container\">\n\t\t\t\t\t\t\t\t<div class=\"elementor-text-editor elementor-clearfix\">\n\t\t\t\t<p>Aux <strong>12<\/strong> groupes locaux actuellement op\u00e9rationnels, il faut ajouter 10 autres groupes qui se sont constitu\u00e9s sous l&#8217;\u00e9gide de responsables locaux et ont cess\u00e9 leurs activit\u00e9s faute de participation locale suffisante ou de responsables d\u00e9di\u00e9s.<\/p>\t\t\t\t\t<\/div>\n\t\t\t\t\t\t<\/div>\n\t\t\t\t<\/div>\n\t\t\t\t\t\t<\/div>\n\t\t\t\t\t<\/div>\n\t\t<\/div>\n\t\t\t\t\t\t\t\t<\/div>\n\t\t\t\t\t<\/div>\n\t\t<\/section>\n\t\t\t\t<section class=\"elementor-section elementor-top-section elementor-element elementor-element-09fa4e8 elementor-section-boxed elementor-section-height-default elementor-section-height-default\" data-id=\"09fa4e8\" data-element_type=\"section\">\n\t\t\t\t\t\t<div class=\"elementor-container elementor-column-gap-default\">\n\t\t\t\t\t\t\t<div class=\"elementor-row\">\n\t\t\t\t\t<div class=\"elementor-column elementor-col-100 elementor-top-column elementor-element elementor-element-e43b019\" data-id=\"e43b019\" data-element_type=\"column\">\n\t\t\t<div class=\"elementor-column-wrap elementor-element-populated\">\n\t\t\t\t\t\t\t<div class=\"elementor-widget-wrap\">\n\t\t\t\t\t\t<div class=\"elementor-element elementor-element-717872b elementor-widget elementor-widget-html\" data-id=\"717872b\" data-element_type=\"widget\" data-widget_type=\"html.default\">\n\t\t\t\t<div class=\"elementor-widget-container\">\n\t\t\t<!-- Table des groupes lpcaux ayant cess\u00e9 leurs activit\u00e9s mise \u00e0 jour 27\/01\/2023 -->\n<center><table><tbody>\n    <tr style=\"background-color:aliceblue; font-weight:bold;\"><td>D\u00e9marrage<\/td><td>Groupe<\/td><td>Lieu de r\u00e9union<\/td><td>Date d'arr\u00eat<\/td><\/tr>\n    <tr><td>1992<\/td><td>Groupe de recherches historiques<\/td><td>Lans en Vercors<\/td><td>1997<\/td><\/tr>\n    <tr><td>1993<\/td><td>Bourgoin<\/td><td>L'Isle d'Abeau<\/td><td>1998<\/td><\/tr>\n    <tr><td>1994<\/td><td>Antenne de Marseille<\/td><td><\/td><td><\/td><\/tr>\n    <tr><td>1996<\/td><td>Sillans<\/td><td>Sillans<\/td><td>2003<\/td><\/tr>\n    <tr><td>1998<\/td><td>Matheysine et Tri\u00e8ves<\/td><td>Meylan<\/td><td>2008<\/td><\/tr>\n    <tr><td>2005<\/td><td>Antenne de Lyon<\/td><td>Bron<\/td><td>2011<\/td><\/tr>\n    <tr><td>2007<\/td><td>Oisans<\/td><td>Bourg d'Oisans<\/td><td>2012<\/td><\/tr>\n    <tr><td>2008<\/td><td><a href=\"https:\/\/cgdauphine.fr\/wp-cgd\/evenements\/groupes\/groupe-matheysine\/\"><strong>Matheysine<\/strong><\/a><\/td><td>Grenoble<\/td><td>2022<\/td><\/tr>\n    <tr><td>2012<\/td><td>Jarrie<\/td><td>Jarrie<\/td><td>2015<\/td><\/tr>\n    <tr><td>2008<\/td>Grenoble<\/td><td>Grenoble<\/td><td>2018<\/td><\/tr> \n<\/tbody><\/table><\/center>\t\t<\/div>\n\t\t\t\t<\/div>\n\t\t\t\t\t\t<\/div>\n\t\t\t\t\t<\/div>\n\t\t<\/div>\n\t\t\t\t\t\t\t\t<\/div>\n\t\t\t\t\t<\/div>\n\t\t<\/section>\n\t\t\t\t\t\t\t\t\t<\/div>\n\t\t\t<\/div>\n\t\t\t\t\t<\/div>\n\t\t","protected":false},"excerpt":{"rendered":"<p>Renseignements, conseils, formations, conf\u00e9rences, recherches dans nos relev\u00e9s d&#8217;actes ou \u00e9changes entre membres ont lieu r\u00e9guli\u00e8rement tant au si\u00e8ge de Grenoble que dans l&#8217;un des 14 groupes locaux r\u00e9partis dans le d\u00e9partement de l&#8217;Is\u00e8re que dans une antenne pour Paris et la r\u00e9gion parisienne. Pour voir les articles et nouvelles des groupres des 6 derniers mois, cliquez ICI ou sur [&hellip;]<\/p>\n","protected":false},"author":1,"featured_media":0,"parent":195,"menu_order":0,"comment_status":"closed","ping_status":"closed","template":"tpl-full-width.php","meta":[],"_links":{"self":[{"href":"https:\/\/cgdauphine.fr\/wp-cgd\/wp-json\/wp\/v2\/pages\/197"}],"collection":[{"href":"https:\/\/cgdauphine.fr\/wp-cgd\/wp-json\/wp\/v2\/pages"}],"about":[{"href":"https:\/\/cgdauphine.fr\/wp-cgd\/wp-json\/wp\/v2\/types\/page"}],"author":[{"embeddable":true,"href":"https:\/\/cgdauphine.fr\/wp-cgd\/wp-json\/wp\/v2\/users\/1"}],"replies":[{"embeddable":true,"href":"https:\/\/cgdauphine.fr\/wp-cgd\/wp-json\/wp\/v2\/comments?post=197"}],"version-history":[{"count":54,"href":"https:\/\/cgdauphine.fr\/wp-cgd\/wp-json\/wp\/v2\/pages\/197\/revisions"}],"predecessor-version":[{"id":28801,"href":"https:\/\/cgdauphine.fr\/wp-cgd\/wp-json\/wp\/v2\/pages\/197\/revisions\/28801"}],"up":[{"embeddable":true,"href":"https:\/\/cgdauphine.fr\/wp-cgd\/wp-json\/wp\/v2\/pages\/195"}],"wp:attachment":[{"href":"https:\/\/cgdauphine.fr\/wp-cgd\/wp-json\/wp\/v2\/media?parent=197"}],"curies":[{"name":"wp","href":"https:\/\/api.w.org\/{rel}","templated":true}]}}