 {"id":19004,"date":"2023-11-08T11:20:41","date_gmt":"2023-11-08T10:20:41","guid":{"rendered":"https:\/\/cgdauphine.fr\/wp-cgd\/?page_id=19004"},"modified":"2024-11-04T18:30:12","modified_gmt":"2024-11-04T17:30:12","slug":"renouvellement-dadhesion","status":"publish","type":"page","link":"https:\/\/cgdauphine.fr\/wp-cgd\/nous-contacter\/renouvellement-dadhesion\/","title":{"rendered":"Adh\u00e9sion et r\u00e9-adh\u00e9sion"},"content":{"rendered":"\t\t<div data-elementor-type=\"wp-post\" data-elementor-id=\"19004\" class=\"elementor elementor-19004\">\n\t\t\t\t\t\t<div class=\"elementor-inner\">\n\t\t\t\t<div class=\"elementor-section-wrap\">\n\t\t\t\t\t\t\t\t\t<section class=\"elementor-section elementor-top-section elementor-element elementor-element-c3e3b7f elementor-section-boxed elementor-section-height-default elementor-section-height-default\" data-id=\"c3e3b7f\" data-element_type=\"section\">\n\t\t\t\t\t\t<div class=\"elementor-container elementor-column-gap-default\">\n\t\t\t\t\t\t\t<div class=\"elementor-row\">\n\t\t\t\t\t<div class=\"elementor-column elementor-col-100 elementor-top-column elementor-element elementor-element-024e46a\" data-id=\"024e46a\" data-element_type=\"column\">\n\t\t\t<div class=\"elementor-column-wrap elementor-element-populated\">\n\t\t\t\t\t\t\t<div class=\"elementor-widget-wrap\">\n\t\t\t\t\t\t<div class=\"elementor-element elementor-element-39bab04 elementor-widget elementor-widget-shortcode\" data-id=\"39bab04\" data-element_type=\"widget\" data-widget_type=\"shortcode.default\">\n\t\t\t\t<div class=\"elementor-widget-container\">\n\t\t\t<span style=\"text-align: right;font-size: 10px; font-style: italic;\">form-004 &nbsp; &nbsp; 29\/04\/2026 12:02:23<\/span>\t\t<div class=\"elementor-shortcode\">\n    <div style=\"border-style: solid; border: solid 2px red; border-color: #415185; border-radius: 10px; margin: 5px;padding: 8px 8px 8px 8px;\">\n    L\u2019adh\u00e9sion<strong> au Centre G\u00e9n\u00e9alogique du Dauphin\u00e9 pour l\u2019ann\u00e9e <span style=\"color: #ff0000;\">2026<\/span><\/strong> \n    est ouverte du <strong><span style=\"color: #ff0000;\">1<sup>er<\/sup> d\u00e9cembre 2025 jusqu\u2019au 30 novembre 2026<\/span>.<\/strong> \n    A partir du 1<sup>er<\/sup> d\u00e9cembre, d\u00e8s qu\u2019elle est re\u00e7ue et comptabilis\u00e9e (compter un d\u00e9lai d\u2019environ une semaine), \n    la cotisation ouvre les droits \u00e0 utiliser les ressources et services de l\u2019association.<br>\n    <center><big>Les droits pour l'ann\u00e9e 2026 expirent le <strong><span style=\"color: #ff0000;\">31 janvier 2027 quelle que soit la date de l\u2019adh\u00e9sion.<\/span><\/strong><\/big><center>\n    <\/div><br>\n    La <strong>cotisation<\/strong> pour l\u2019adh\u00e9sion au\u00a0<img decoding=\"async\" src=\"https:\/\/cgdauphine.fr\/wp-cgd\/wp-content\/plugins\/cgd-member-management\/\/images\/logo_cgd-45x45.png\"> \n    pour <strong>l\u2019ann\u00e9e <\/strong><strong><big>2026<\/big><\/strong> \n    est de <strong><big>18\u20ac<\/big><\/strong>.    <br>\n    <table><tbody>\n        <tr><td><img decoding=\"async\" src=\"https:\/\/cgdauphine.fr\/wp-cgd\/wp-content\/plugins\/cgd-member-management\/\/images\/G&H_vignette_demo.png\"><\/td>\n            <td>Avec votre adh\u00e9sion, vous avez la possibilit\u00e9 de vous abonner \u00e0 un tarif pr\u00e9f\u00e9rentiel \u00e0 la revue  \n                <img decoding=\"async\" src=\"https:\/\/cgdauphine.fr\/wp-cgd\/wp-content\/plugins\/cgd-member-management\/\/images\/gh_bleu-18.png\" \/>        \n                \u00e9dit\u00e9e 4\u00a0fois par an par le<strong> CEGRA <\/strong> (<a href=\"https:\/\/www.calameo.com\/read\/00200693824dd5bc8d415\"><strong>Voir un exemplaire num\u00e9rique de la revue<\/strong><\/a>) \n                et commune aux principales associations de la r\u00e9gion \u00ab Rh\u00f4ne-Alpes \u00bb. \n                Cette revue est disponible pour un montant annuel additionnel variable selon le format: \n                <table><tbody>\n                    <tr><td> &nbsp; &nbsp; &nbsp; &nbsp; &nbsp;<td>num\u00e9rique<\/td><td><strong><big>+14\u20ac<\/big><\/strong><\/td><td><img decoding=\"async\" src=\"https:\/\/cgdauphine.fr\/wp-cgd\/wp-content\/plugins\/cgd-member-management\/\/images\/icone-ebook24.png\" width=\"18px;\">format PDF<\/td><\/tr>\n                    <tr><td><\/td><td>\"papier\"<\/td><td><strong><big>+22\u20ac<\/big><\/strong><\/td><td><img decoding=\"async\" src=\"https:\/\/cgdauphine.fr\/wp-cgd\/wp-content\/plugins\/cgd-member-management\/\/images\/france-tricolore24.png\" width=\"18px;\">envoi postal <img decoding=\"async\" src=\"https:\/\/cgdauphine.fr\/wp-cgd\/wp-content\/plugins\/cgd-member-management\/images\/logo-la-poste16.png\"> vers France m\u00e9tropolitaine<\/td><\/tr>\n                    <tr><td><\/td><td><\/td><td><strong><big>+26\u20ac<\/big><\/strong><\/td><td><img decoding=\"async\" src=\"https:\/\/cgdauphine.fr\/wp-cgd\/wp-content\/plugins\/cgd-member-management\/\/images\/Monde-icone64.png\" width=\"18px;\">envoi postal <img decoding=\"async\" src=\"https:\/\/cgdauphine.fr\/wp-cgd\/wp-content\/plugins\/cgd-member-management\/images\/logo-la-poste16.png\"\"> HORS France m\u00e9tropolitaine<\/tr>        \n                <\/tbody><\/table>\n        <\/td><\/tr>\n    <\/tbody><\/table><h3>Comment adh\u00e9rer ou renouveler&nbsp;?<\/h3>\n    <table><tbody><tr><td><img decoding=\"async\" src=\"https:\/\/cgdauphine.fr\/wp-cgd\/wp-content\/plugins\/cgd-member-management\/\/images\/instructions-adhesion-120.png\"\"><\/td><td width=\"5px\"><\/td><td><h4>Code de d\u00e9ontologie du g\u00e9n\u00e9alogiste<\/h4>\n    Toute adh\u00e9sion, ou r\u00e9-adh\u00e9sion, est soumise \u00e0 l\u2019acceptation, par le demandeur, du \"<a href=\"https:\/\/cgdauphine.fr\/wp-cgd\/\/wp-content\/cgd-fichiers-temp\/FFG-code-de-deontologie.pdf\"><strong>code de d\u00e9ontologie du g\u00e9n\u00e9alogiste<\/strong><\/a>\" de la F\u00e9d\u00e9ration Fran\u00e7aise de G\u00e9n\u00e9alogie\n    comme r\u00e8gle de conduite des g\u00e9n\u00e9alogistes. La signature au bas de la demande \"papier\" ou le cochage de la case correspondante dans l\u2019inscription en ligne <strong>engage<\/strong> le demandeur.\n    <h4>Adh\u00e9rer et payer en ligne par carte bancaire  <img decoding=\"async\" src=\"https:\/\/cgdauphine.fr\/wp-cgd\/wp-content\/plugins\/cgd-member-management\/images\/Cartes_bancaires-16px.png\"  height=\"16px;\"><\/h4>\n    Si la transaction bancaire s\u2019est effectu\u00e9e correctement, l\u2019acc\u00e8s aux services du site et la qualit\u00e9 d\u2019adh\u00e9rent \n    prennent effet apr\u00e8s validation par notre \u00e9quipe de gestion des adh\u00e9sions (cela peut prendre quelques jours).\n    Un message vous en informera d\u00e8s que cette validation sera effective.\n    <span style=\"color: #ff0000;\"><strong>\n    <br>@ L\u2019existence d\u2019une adresse \u00e9lectronique est obligatoire.<\/strong><\/span><h4>Bulletin d\u2019inscription \u00e0 remplir et \u00e0 envoyer <img decoding=\"async\" src=\"https:\/\/cgdauphine.fr\/wp-cgd\/wp-content\/plugins\/cgd-member-management\/images\/logo-la-poste24.png\" height=\"16px;\"> au si\u00e8ge du CGD avec votre paiement<\/h4>\n    <a href=\"https:\/\/cgdauphine.fr\/wp-cgd\/wp-content\/cgd-fichiers-temp\/bulletin-adhesion-papier.pdf\"><strong>T\u00e9l\u00e9charger<\/strong><\/a> et remplir le bulletin d\u2019adh\u00e9sion\/r\u00e9-adh\u00e9sion papier vierge \u00e0 imprimer \n    et payer par ch\u00e8que ou en esp\u00e8ces au si\u00e8ge ou dans un des groupes locaux. \n    L\u2019acc\u00e8s au site web et la qualit\u00e9 d\u2019adh\u00e9rent ne seront effectifs qu\u2019apr\u00e8s traitement administratif par le CGD.<\/td><\/tr><\/tbody><\/table><style>\n    \/* Popup container *\/\n    div.popup {\t\t\n    background-color: white ;\n    color: black;\n    border: solid 1px #32a1ce;\n    border-color: black;\n    border-radius: 20px;\n    }\n    div.popup:hover {\t\t\t\n    background-color: #FFFFD4;\n    }\t\n    tr {\n    vertical-align: top;\n    }\n    <\/style>\n    <br><table><tbody><tr><h3>Effectuer une adh\u00e9sion ou un renouvellement<\/h3><td width=\"150px;\"\"><center><div class=\"popup\"><a href=\"https:\/\/cgdauphine.fr\/wp-cgd\/connexion-profil\/\">\n                    <img decoding=\"async\" loading=\"lazy\" src=\"https:\/\/cgdauphine.fr\/wp-cgd\/wp-content\/plugins\/cgd-member-management\/\/images\/renouveler-l-adhesion-120px.png\" width=\"120px;\" height=\"120px;\"><\/a><\/div><br><strong>D\u00e9j\u00e0 adh\u00e9rent<\/strong>, se connecter pour renouveler <strong>en ligne<\/strong><\/a><\/center><\/td><td><\/td><td width=\"150px;\"\"><center><div class=\"popup\"><a href=\"https:\/\/cgdauphine.fr\/wp-cgd\/nous-contacter\/adhesion\/adhesion-en-ligne\/\">\n                    <img decoding=\"async\" loading=\"lazy\" src=\"https:\/\/cgdauphine.fr\/wp-cgd\/wp-content\/plugins\/cgd-member-management\/\/images\/devenir-adherent-120px.png\" width=\"120px;\" height=\"120px;\"><\/a><\/div><br><strong>Pas encore adh\u00e9rent<\/strong>, adh\u00e9rer et payer via un formulaire <strong>en ligne<\/strong><\/a><\/center><\/td><td width=\"150px\"><\/td><td width=\"150px;\"\"><center><div class=\"popup\"><a href=\"https:\/\/cgdauphine.fr\/wp-cgd\/wp-content\/cgd-fichiers-temp\/bulletin-adhesion-papier.pdf\">\n                    <img decoding=\"async\" loading=\"lazy\" src=\"https:\/\/cgdauphine.fr\/wp-cgd\/wp-content\/plugins\/cgd-member-management\/\/images\/adhesion-lettre-120px.png\" width=\"120px;\" height=\"120px;\"><\/a><\/div><br><strong>Adh\u00e9rez ou renouveler<\/strong> via un formulaire <strong>\"papier\"<\/strong><\/a><\/center><\/td><td width=\"150px\"><\/td><td width=\"150px;\"\"><center><div class=\"popup\"><a href=\"https:\/\/cgdauphine.fr\/wp-cgd\/nous-contacter\/paiement-dadhesion-via-cb\/\">\n                    <img decoding=\"async\" loading=\"lazy\" src=\"https:\/\/cgdauphine.fr\/wp-cgd\/wp-content\/plugins\/cgd-member-management\/\/images\/paiement-echoue-120px.png\" width=\"120px;\" height=\"120px;\"><\/a><\/div><br><span style=\"color: red;\"><strong>Vous avez un paiement<br>qui a \u00e9chou\u00e9<strong><\/span><\/a><\/center><\/td> <\/tr><\/tbody><\/table><\/div>\n\t\t\t\t<\/div>\n\t\t\t\t<\/div>\n\t\t\t\t\t\t<\/div>\n\t\t\t\t\t<\/div>\n\t\t<\/div>\n\t\t\t\t\t\t\t\t<\/div>\n\t\t\t\t\t<\/div>\n\t\t<\/section>\n\t\t\t\t\t\t\t\t\t<\/div>\n\t\t\t<\/div>\n\t\t\t\t\t<\/div>\n\t\t","protected":false},"excerpt":{"rendered":"","protected":false},"author":1,"featured_media":0,"parent":349,"menu_order":0,"comment_status":"closed","ping_status":"closed","template":"tpl-full-width.php","meta":[],"_links":{"self":[{"href":"https:\/\/cgdauphine.fr\/wp-cgd\/wp-json\/wp\/v2\/pages\/19004"}],"collection":[{"href":"https:\/\/cgdauphine.fr\/wp-cgd\/wp-json\/wp\/v2\/pages"}],"about":[{"href":"https:\/\/cgdauphine.fr\/wp-cgd\/wp-json\/wp\/v2\/types\/page"}],"author":[{"embeddable":true,"href":"https:\/\/cgdauphine.fr\/wp-cgd\/wp-json\/wp\/v2\/users\/1"}],"replies":[{"embeddable":true,"href":"https:\/\/cgdauphine.fr\/wp-cgd\/wp-json\/wp\/v2\/comments?post=19004"}],"version-history":[{"count":98,"href":"https:\/\/cgdauphine.fr\/wp-cgd\/wp-json\/wp\/v2\/pages\/19004\/revisions"}],"predecessor-version":[{"id":25732,"href":"https:\/\/cgdauphine.fr\/wp-cgd\/wp-json\/wp\/v2\/pages\/19004\/revisions\/25732"}],"up":[{"embeddable":true,"href":"https:\/\/cgdauphine.fr\/wp-cgd\/wp-json\/wp\/v2\/pages\/349"}],"wp:attachment":[{"href":"https:\/\/cgdauphine.fr\/wp-cgd\/wp-json\/wp\/v2\/media?parent=19004"}],"curies":[{"name":"wp","href":"https:\/\/api.w.org\/{rel}","templated":true}]}}